{"id":605,"date":"2024-09-03T07:50:56","date_gmt":"2024-09-03T07:50:56","guid":{"rendered":"https:\/\/holidayhire.com\/?post_type=product&#038;p=605"},"modified":"2025-04-09T09:56:07","modified_gmt":"2025-04-09T09:56:07","slug":"scooter-electrico-gama-media","status":"publish","type":"product","link":"https:\/\/holidayhire.com\/es\/producto\/scooter-electrico-gama-media\/","title":{"rendered":"SCOOTER EL\u00c9CTRICO GAMA MEDIA"},"content":{"rendered":"","protected":false},"excerpt":{"rendered":"<p>Nuestra scooter de gama media es la m\u00e1s popular. Ofrece un paseo c\u00f3modo y una excelente autonom\u00eda. Disponible en versi\u00f3n de tres ruedas y transportable. Ideal para explorar Menorca con facilidad.<\/p>\n","protected":false},"featured_media":3085,"template":"","meta":[],"product_brand":[],"product_cat":[32,18],"product_tag":[],"class_list":{"0":"post-605","1":"product","2":"type-product","3":"status-publish","4":"has-post-thumbnail","6":"product_cat-mobility","7":"product_cat-ortopedia","9":"first","10":"instock","11":"virtual","12":"sold-individually","13":"purchasable","14":"product-type-booking"},"yoast_head":"<!-- This site is optimized with the Yoast SEO plugin v25.9 - https:\/\/yoast.com\/wordpress\/plugins\/seo\/ -->\n<title>SCOOTER EL\u00c9CTRICO GAMA MEDIA - Alquiler ortopedia Menorca<\/title>\n<meta name=\"robots\" content=\"index, follow, max-snippet:-1, max-image-preview:large, max-video-preview:-1\" \/>\n<link rel=\"canonical\" href=\"https:\/\/holidayhire.com\/es\/producto\/scooter-electrico-gama-media\/\" \/>\n<meta property=\"og:locale\" content=\"es_ES\" \/>\n<meta property=\"og:type\" content=\"article\" \/>\n<meta property=\"og:title\" content=\"SCOOTER EL\u00c9CTRICO GAMA MEDIA - Alquiler ortopedia Menorca\" \/>\n<meta property=\"og:description\" content=\"Nuestra scooter de gama media es la m\u00e1s popular. Ofrece un paseo c\u00f3modo y una excelente autonom\u00eda. Disponible en versi\u00f3n de tres ruedas y transportable. Ideal para explorar Menorca con facilidad.\" \/>\n<meta property=\"og:url\" content=\"https:\/\/holidayhire.com\/es\/producto\/scooter-electrico-gama-media\/\" \/>\n<meta property=\"og:site_name\" content=\"Alquiler ortopedia Menorca\" \/>\n<meta property=\"article:modified_time\" content=\"2025-04-09T09:56:07+00:00\" \/>\n<meta property=\"og:image\" content=\"https:\/\/holidayhire.com\/wp-content\/uploads\/2024\/09\/midrange-scooter-nova-1.png\" \/>\n\t<meta property=\"og:image:width\" content=\"1600\" \/>\n\t<meta property=\"og:image:height\" content=\"1498\" \/>\n\t<meta property=\"og:image:type\" content=\"image\/png\" \/>\n<meta name=\"twitter:card\" content=\"summary_large_image\" \/>\n<meta name=\"twitter:label1\" content=\"Tiempo de lectura\" \/>\n\t<meta name=\"twitter:data1\" content=\"1 minuto\" \/>\n<script type=\"application\/ld+json\" class=\"yoast-schema-graph\">{\"@context\":\"https:\/\/schema.org\",\"@graph\":[{\"@type\":\"WebPage\",\"@id\":\"https:\/\/holidayhire.com\/es\/producto\/scooter-electrico-gama-media\/\",\"url\":\"https:\/\/holidayhire.com\/es\/producto\/scooter-electrico-gama-media\/\",\"name\":\"SCOOTER EL\u00c9CTRICO GAMA MEDIA - Alquiler ortopedia Menorca\",\"isPartOf\":{\"@id\":\"https:\/\/holidayhire.com\/es\/#website\"},\"primaryImageOfPage\":{\"@id\":\"https:\/\/holidayhire.com\/es\/producto\/scooter-electrico-gama-media\/#primaryimage\"},\"image\":{\"@id\":\"https:\/\/holidayhire.com\/es\/producto\/scooter-electrico-gama-media\/#primaryimage\"},\"thumbnailUrl\":\"https:\/\/holidayhire.com\/wp-content\/uploads\/2024\/09\/midrange-scooter-nova-1.png\",\"datePublished\":\"2024-09-03T07:50:56+00:00\",\"dateModified\":\"2025-04-09T09:56:07+00:00\",\"breadcrumb\":{\"@id\":\"https:\/\/holidayhire.com\/es\/producto\/scooter-electrico-gama-media\/#breadcrumb\"},\"inLanguage\":\"es\",\"potentialAction\":[{\"@type\":\"ReadAction\",\"target\":[\"https:\/\/holidayhire.com\/es\/producto\/scooter-electrico-gama-media\/\"]}]},{\"@type\":\"ImageObject\",\"inLanguage\":\"es\",\"@id\":\"https:\/\/holidayhire.com\/es\/producto\/scooter-electrico-gama-media\/#primaryimage\",\"url\":\"https:\/\/holidayhire.com\/wp-content\/uploads\/2024\/09\/midrange-scooter-nova-1.png\",\"contentUrl\":\"https:\/\/holidayhire.com\/wp-content\/uploads\/2024\/09\/midrange-scooter-nova-1.png\",\"width\":1600,\"height\":1498},{\"@type\":\"BreadcrumbList\",\"@id\":\"https:\/\/holidayhire.com\/es\/producto\/scooter-electrico-gama-media\/#breadcrumb\",\"itemListElement\":[{\"@type\":\"ListItem\",\"position\":1,\"name\":\"Home\",\"item\":\"https:\/\/holidayhire.com\/es\/\"},{\"@type\":\"ListItem\",\"position\":2,\"name\":\"Shop\",\"item\":\"https:\/\/holidayhire.com\/en\/shop\/\"},{\"@type\":\"ListItem\",\"position\":3,\"name\":\"SCOOTER EL\u00c9CTRICO GAMA MEDIA\"}]},{\"@type\":\"WebSite\",\"@id\":\"https:\/\/holidayhire.com\/es\/#website\",\"url\":\"https:\/\/holidayhire.com\/es\/\",\"name\":\"Alquiler ortopedia Menorca\",\"description\":\"\",\"publisher\":{\"@id\":\"https:\/\/holidayhire.com\/es\/#organization\"},\"potentialAction\":[{\"@type\":\"SearchAction\",\"target\":{\"@type\":\"EntryPoint\",\"urlTemplate\":\"https:\/\/holidayhire.com\/es\/?s={search_term_string}\"},\"query-input\":{\"@type\":\"PropertyValueSpecification\",\"valueRequired\":true,\"valueName\":\"search_term_string\"}}],\"inLanguage\":\"es\"},{\"@type\":\"Organization\",\"@id\":\"https:\/\/holidayhire.com\/es\/#organization\",\"name\":\"Alquiler ortopedia Menorca\",\"url\":\"https:\/\/holidayhire.com\/es\/\",\"logo\":{\"@type\":\"ImageObject\",\"inLanguage\":\"es\",\"@id\":\"https:\/\/holidayhire.com\/es\/#\/schema\/logo\/image\/\",\"url\":\"https:\/\/holidayhire.com\/wp-content\/uploads\/2024\/08\/holidayhire-logo.jpg\",\"contentUrl\":\"https:\/\/holidayhire.com\/wp-content\/uploads\/2024\/08\/holidayhire-logo.jpg\",\"width\":720,\"height\":190,\"caption\":\"Alquiler ortopedia Menorca\"},\"image\":{\"@id\":\"https:\/\/holidayhire.com\/es\/#\/schema\/logo\/image\/\"}}]}<\/script>\n<!-- \/ Yoast SEO plugin. -->","yoast_head_json":{"title":"SCOOTER EL\u00c9CTRICO GAMA MEDIA - Alquiler ortopedia Menorca","robots":{"index":"index","follow":"follow","max-snippet":"max-snippet:-1","max-image-preview":"max-image-preview:large","max-video-preview":"max-video-preview:-1"},"canonical":"https:\/\/holidayhire.com\/es\/producto\/scooter-electrico-gama-media\/","og_locale":"es_ES","og_type":"article","og_title":"SCOOTER EL\u00c9CTRICO GAMA MEDIA - Alquiler ortopedia Menorca","og_description":"Nuestra scooter de gama media es la m\u00e1s popular. Ofrece un paseo c\u00f3modo y una excelente autonom\u00eda. Disponible en versi\u00f3n de tres ruedas y transportable. Ideal para explorar Menorca con facilidad.","og_url":"https:\/\/holidayhire.com\/es\/producto\/scooter-electrico-gama-media\/","og_site_name":"Alquiler ortopedia Menorca","article_modified_time":"2025-04-09T09:56:07+00:00","og_image":[{"width":1600,"height":1498,"url":"https:\/\/holidayhire.com\/wp-content\/uploads\/2024\/09\/midrange-scooter-nova-1.png","type":"image\/png"}],"twitter_card":"summary_large_image","twitter_misc":{"Tiempo de lectura":"1 minuto"},"schema":{"@context":"https:\/\/schema.org","@graph":[{"@type":"WebPage","@id":"https:\/\/holidayhire.com\/es\/producto\/scooter-electrico-gama-media\/","url":"https:\/\/holidayhire.com\/es\/producto\/scooter-electrico-gama-media\/","name":"SCOOTER EL\u00c9CTRICO GAMA MEDIA - Alquiler ortopedia Menorca","isPartOf":{"@id":"https:\/\/holidayhire.com\/es\/#website"},"primaryImageOfPage":{"@id":"https:\/\/holidayhire.com\/es\/producto\/scooter-electrico-gama-media\/#primaryimage"},"image":{"@id":"https:\/\/holidayhire.com\/es\/producto\/scooter-electrico-gama-media\/#primaryimage"},"thumbnailUrl":"https:\/\/holidayhire.com\/wp-content\/uploads\/2024\/09\/midrange-scooter-nova-1.png","datePublished":"2024-09-03T07:50:56+00:00","dateModified":"2025-04-09T09:56:07+00:00","breadcrumb":{"@id":"https:\/\/holidayhire.com\/es\/producto\/scooter-electrico-gama-media\/#breadcrumb"},"inLanguage":"es","potentialAction":[{"@type":"ReadAction","target":["https:\/\/holidayhire.com\/es\/producto\/scooter-electrico-gama-media\/"]}]},{"@type":"ImageObject","inLanguage":"es","@id":"https:\/\/holidayhire.com\/es\/producto\/scooter-electrico-gama-media\/#primaryimage","url":"https:\/\/holidayhire.com\/wp-content\/uploads\/2024\/09\/midrange-scooter-nova-1.png","contentUrl":"https:\/\/holidayhire.com\/wp-content\/uploads\/2024\/09\/midrange-scooter-nova-1.png","width":1600,"height":1498},{"@type":"BreadcrumbList","@id":"https:\/\/holidayhire.com\/es\/producto\/scooter-electrico-gama-media\/#breadcrumb","itemListElement":[{"@type":"ListItem","position":1,"name":"Home","item":"https:\/\/holidayhire.com\/es\/"},{"@type":"ListItem","position":2,"name":"Shop","item":"https:\/\/holidayhire.com\/en\/shop\/"},{"@type":"ListItem","position":3,"name":"SCOOTER EL\u00c9CTRICO GAMA MEDIA"}]},{"@type":"WebSite","@id":"https:\/\/holidayhire.com\/es\/#website","url":"https:\/\/holidayhire.com\/es\/","name":"Alquiler ortopedia Menorca","description":"","publisher":{"@id":"https:\/\/holidayhire.com\/es\/#organization"},"potentialAction":[{"@type":"SearchAction","target":{"@type":"EntryPoint","urlTemplate":"https:\/\/holidayhire.com\/es\/?s={search_term_string}"},"query-input":{"@type":"PropertyValueSpecification","valueRequired":true,"valueName":"search_term_string"}}],"inLanguage":"es"},{"@type":"Organization","@id":"https:\/\/holidayhire.com\/es\/#organization","name":"Alquiler ortopedia Menorca","url":"https:\/\/holidayhire.com\/es\/","logo":{"@type":"ImageObject","inLanguage":"es","@id":"https:\/\/holidayhire.com\/es\/#\/schema\/logo\/image\/","url":"https:\/\/holidayhire.com\/wp-content\/uploads\/2024\/08\/holidayhire-logo.jpg","contentUrl":"https:\/\/holidayhire.com\/wp-content\/uploads\/2024\/08\/holidayhire-logo.jpg","width":720,"height":190,"caption":"Alquiler ortopedia Menorca"},"image":{"@id":"https:\/\/holidayhire.com\/es\/#\/schema\/logo\/image\/"}}]}},"_links":{"self":[{"href":"https:\/\/holidayhire.com\/es\/wp-json\/wp\/v2\/product\/605","targetHints":{"allow":["GET"]}}],"collection":[{"href":"https:\/\/holidayhire.com\/es\/wp-json\/wp\/v2\/product"}],"about":[{"href":"https:\/\/holidayhire.com\/es\/wp-json\/wp\/v2\/types\/product"}],"wp:featuredmedia":[{"embeddable":true,"href":"https:\/\/holidayhire.com\/es\/wp-json\/wp\/v2\/media\/3085"}],"wp:attachment":[{"href":"https:\/\/holidayhire.com\/es\/wp-json\/wp\/v2\/media?parent=605"}],"wp:term":[{"taxonomy":"product_brand","embeddable":true,"href":"https:\/\/holidayhire.com\/es\/wp-json\/wp\/v2\/product_brand?post=605"},{"taxonomy":"product_cat","embeddable":true,"href":"https:\/\/holidayhire.com\/es\/wp-json\/wp\/v2\/product_cat?post=605"},{"taxonomy":"product_tag","embeddable":true,"href":"https:\/\/holidayhire.com\/es\/wp-json\/wp\/v2\/product_tag?post=605"}],"curies":[{"name":"wp","href":"https:\/\/api.w.org\/{rel}","templated":true}]}}