{"id":212,"date":"2024-08-28T08:41:33","date_gmt":"2024-08-28T08:41:33","guid":{"rendered":"https:\/\/holidayhire.com\/?post_type=product&#038;p=212"},"modified":"2025-04-09T16:26:19","modified_gmt":"2025-04-09T16:26:19","slug":"cuna-de-viaje","status":"publish","type":"product","link":"https:\/\/holidayhire.com\/es\/producto\/cuna-de-viaje\/","title":{"rendered":"CUNA DE VIAJE"},"content":{"rendered":"","protected":false},"excerpt":{"rendered":"<p>La cuna de viaje es ideal para mantener a tu beb\u00e9 c\u00f3modo y seguro durante tus vacaciones. F\u00e1cil de montar y transportar, ofrece un espacio acogedor para el descanso del peque\u00f1o. Su dise\u00f1o compacto y ligero la hace perfecta para cualquier desplazamiento. \u00a1Asegura noches tranquilas en cualquier destino!<\/p>\n","protected":false},"featured_media":206,"template":"","meta":[],"product_brand":[],"product_cat":[17],"product_tag":[],"class_list":{"0":"post-212","1":"product","2":"type-product","3":"status-publish","4":"has-post-thumbnail","6":"product_cat-bebes","8":"first","9":"instock","10":"virtual","11":"sold-individually","12":"purchasable","13":"product-type-booking"},"yoast_head":"<!-- This site is optimized with the Yoast SEO plugin v25.9 - https:\/\/yoast.com\/wordpress\/plugins\/seo\/ -->\n<title>CUNA DE VIAJE - Alquiler ortopedia Menorca<\/title>\n<meta name=\"robots\" content=\"index, follow, max-snippet:-1, max-image-preview:large, max-video-preview:-1\" \/>\n<link rel=\"canonical\" href=\"https:\/\/holidayhire.com\/es\/producto\/cuna-de-viaje\/\" \/>\n<meta property=\"og:locale\" content=\"es_ES\" \/>\n<meta property=\"og:type\" content=\"article\" \/>\n<meta property=\"og:title\" content=\"CUNA DE VIAJE - Alquiler ortopedia Menorca\" \/>\n<meta property=\"og:description\" content=\"La cuna de viaje es ideal para mantener a tu beb\u00e9 c\u00f3modo y seguro durante tus vacaciones. F\u00e1cil de montar y transportar, ofrece un espacio acogedor para el descanso del peque\u00f1o. Su dise\u00f1o compacto y ligero la hace perfecta para cualquier desplazamiento. \u00a1Asegura noches tranquilas en cualquier destino!\" \/>\n<meta property=\"og:url\" content=\"https:\/\/holidayhire.com\/es\/producto\/cuna-de-viaje\/\" \/>\n<meta property=\"og:site_name\" content=\"Alquiler ortopedia Menorca\" \/>\n<meta property=\"article:modified_time\" content=\"2025-04-09T16:26:19+00:00\" \/>\n<meta property=\"og:image\" content=\"https:\/\/holidayhire.com\/wp-content\/uploads\/2024\/08\/travel-cot.jpg\" \/>\n\t<meta property=\"og:image:width\" content=\"400\" \/>\n\t<meta property=\"og:image:height\" content=\"400\" \/>\n\t<meta property=\"og:image:type\" content=\"image\/jpeg\" \/>\n<meta name=\"twitter:card\" content=\"summary_large_image\" \/>\n<meta name=\"twitter:label1\" content=\"Tiempo de lectura\" \/>\n\t<meta name=\"twitter:data1\" content=\"1 minuto\" \/>\n<script type=\"application\/ld+json\" class=\"yoast-schema-graph\">{\"@context\":\"https:\/\/schema.org\",\"@graph\":[{\"@type\":\"WebPage\",\"@id\":\"https:\/\/holidayhire.com\/es\/producto\/cuna-de-viaje\/\",\"url\":\"https:\/\/holidayhire.com\/es\/producto\/cuna-de-viaje\/\",\"name\":\"CUNA DE VIAJE - Alquiler ortopedia Menorca\",\"isPartOf\":{\"@id\":\"https:\/\/holidayhire.com\/es\/#website\"},\"primaryImageOfPage\":{\"@id\":\"https:\/\/holidayhire.com\/es\/producto\/cuna-de-viaje\/#primaryimage\"},\"image\":{\"@id\":\"https:\/\/holidayhire.com\/es\/producto\/cuna-de-viaje\/#primaryimage\"},\"thumbnailUrl\":\"https:\/\/holidayhire.com\/wp-content\/uploads\/2024\/08\/travel-cot.jpg\",\"datePublished\":\"2024-08-28T08:41:33+00:00\",\"dateModified\":\"2025-04-09T16:26:19+00:00\",\"breadcrumb\":{\"@id\":\"https:\/\/holidayhire.com\/es\/producto\/cuna-de-viaje\/#breadcrumb\"},\"inLanguage\":\"es\",\"potentialAction\":[{\"@type\":\"ReadAction\",\"target\":[\"https:\/\/holidayhire.com\/es\/producto\/cuna-de-viaje\/\"]}]},{\"@type\":\"ImageObject\",\"inLanguage\":\"es\",\"@id\":\"https:\/\/holidayhire.com\/es\/producto\/cuna-de-viaje\/#primaryimage\",\"url\":\"https:\/\/holidayhire.com\/wp-content\/uploads\/2024\/08\/travel-cot.jpg\",\"contentUrl\":\"https:\/\/holidayhire.com\/wp-content\/uploads\/2024\/08\/travel-cot.jpg\",\"width\":400,\"height\":400},{\"@type\":\"BreadcrumbList\",\"@id\":\"https:\/\/holidayhire.com\/es\/producto\/cuna-de-viaje\/#breadcrumb\",\"itemListElement\":[{\"@type\":\"ListItem\",\"position\":1,\"name\":\"Home\",\"item\":\"https:\/\/holidayhire.com\/es\/\"},{\"@type\":\"ListItem\",\"position\":2,\"name\":\"Shop\",\"item\":\"https:\/\/holidayhire.com\/en\/shop\/\"},{\"@type\":\"ListItem\",\"position\":3,\"name\":\"CUNA DE VIAJE\"}]},{\"@type\":\"WebSite\",\"@id\":\"https:\/\/holidayhire.com\/es\/#website\",\"url\":\"https:\/\/holidayhire.com\/es\/\",\"name\":\"Alquiler ortopedia Menorca\",\"description\":\"\",\"publisher\":{\"@id\":\"https:\/\/holidayhire.com\/es\/#organization\"},\"potentialAction\":[{\"@type\":\"SearchAction\",\"target\":{\"@type\":\"EntryPoint\",\"urlTemplate\":\"https:\/\/holidayhire.com\/es\/?s={search_term_string}\"},\"query-input\":{\"@type\":\"PropertyValueSpecification\",\"valueRequired\":true,\"valueName\":\"search_term_string\"}}],\"inLanguage\":\"es\"},{\"@type\":\"Organization\",\"@id\":\"https:\/\/holidayhire.com\/es\/#organization\",\"name\":\"Alquiler ortopedia Menorca\",\"url\":\"https:\/\/holidayhire.com\/es\/\",\"logo\":{\"@type\":\"ImageObject\",\"inLanguage\":\"es\",\"@id\":\"https:\/\/holidayhire.com\/es\/#\/schema\/logo\/image\/\",\"url\":\"https:\/\/holidayhire.com\/wp-content\/uploads\/2024\/08\/holidayhire-logo.jpg\",\"contentUrl\":\"https:\/\/holidayhire.com\/wp-content\/uploads\/2024\/08\/holidayhire-logo.jpg\",\"width\":720,\"height\":190,\"caption\":\"Alquiler ortopedia Menorca\"},\"image\":{\"@id\":\"https:\/\/holidayhire.com\/es\/#\/schema\/logo\/image\/\"}}]}<\/script>\n<!-- \/ Yoast SEO plugin. -->","yoast_head_json":{"title":"CUNA DE VIAJE - Alquiler ortopedia Menorca","robots":{"index":"index","follow":"follow","max-snippet":"max-snippet:-1","max-image-preview":"max-image-preview:large","max-video-preview":"max-video-preview:-1"},"canonical":"https:\/\/holidayhire.com\/es\/producto\/cuna-de-viaje\/","og_locale":"es_ES","og_type":"article","og_title":"CUNA DE VIAJE - Alquiler ortopedia Menorca","og_description":"La cuna de viaje es ideal para mantener a tu beb\u00e9 c\u00f3modo y seguro durante tus vacaciones. F\u00e1cil de montar y transportar, ofrece un espacio acogedor para el descanso del peque\u00f1o. Su dise\u00f1o compacto y ligero la hace perfecta para cualquier desplazamiento. \u00a1Asegura noches tranquilas en cualquier destino!","og_url":"https:\/\/holidayhire.com\/es\/producto\/cuna-de-viaje\/","og_site_name":"Alquiler ortopedia Menorca","article_modified_time":"2025-04-09T16:26:19+00:00","og_image":[{"width":400,"height":400,"url":"https:\/\/holidayhire.com\/wp-content\/uploads\/2024\/08\/travel-cot.jpg","type":"image\/jpeg"}],"twitter_card":"summary_large_image","twitter_misc":{"Tiempo de lectura":"1 minuto"},"schema":{"@context":"https:\/\/schema.org","@graph":[{"@type":"WebPage","@id":"https:\/\/holidayhire.com\/es\/producto\/cuna-de-viaje\/","url":"https:\/\/holidayhire.com\/es\/producto\/cuna-de-viaje\/","name":"CUNA DE VIAJE - Alquiler ortopedia Menorca","isPartOf":{"@id":"https:\/\/holidayhire.com\/es\/#website"},"primaryImageOfPage":{"@id":"https:\/\/holidayhire.com\/es\/producto\/cuna-de-viaje\/#primaryimage"},"image":{"@id":"https:\/\/holidayhire.com\/es\/producto\/cuna-de-viaje\/#primaryimage"},"thumbnailUrl":"https:\/\/holidayhire.com\/wp-content\/uploads\/2024\/08\/travel-cot.jpg","datePublished":"2024-08-28T08:41:33+00:00","dateModified":"2025-04-09T16:26:19+00:00","breadcrumb":{"@id":"https:\/\/holidayhire.com\/es\/producto\/cuna-de-viaje\/#breadcrumb"},"inLanguage":"es","potentialAction":[{"@type":"ReadAction","target":["https:\/\/holidayhire.com\/es\/producto\/cuna-de-viaje\/"]}]},{"@type":"ImageObject","inLanguage":"es","@id":"https:\/\/holidayhire.com\/es\/producto\/cuna-de-viaje\/#primaryimage","url":"https:\/\/holidayhire.com\/wp-content\/uploads\/2024\/08\/travel-cot.jpg","contentUrl":"https:\/\/holidayhire.com\/wp-content\/uploads\/2024\/08\/travel-cot.jpg","width":400,"height":400},{"@type":"BreadcrumbList","@id":"https:\/\/holidayhire.com\/es\/producto\/cuna-de-viaje\/#breadcrumb","itemListElement":[{"@type":"ListItem","position":1,"name":"Home","item":"https:\/\/holidayhire.com\/es\/"},{"@type":"ListItem","position":2,"name":"Shop","item":"https:\/\/holidayhire.com\/en\/shop\/"},{"@type":"ListItem","position":3,"name":"CUNA DE VIAJE"}]},{"@type":"WebSite","@id":"https:\/\/holidayhire.com\/es\/#website","url":"https:\/\/holidayhire.com\/es\/","name":"Alquiler ortopedia Menorca","description":"","publisher":{"@id":"https:\/\/holidayhire.com\/es\/#organization"},"potentialAction":[{"@type":"SearchAction","target":{"@type":"EntryPoint","urlTemplate":"https:\/\/holidayhire.com\/es\/?s={search_term_string}"},"query-input":{"@type":"PropertyValueSpecification","valueRequired":true,"valueName":"search_term_string"}}],"inLanguage":"es"},{"@type":"Organization","@id":"https:\/\/holidayhire.com\/es\/#organization","name":"Alquiler ortopedia Menorca","url":"https:\/\/holidayhire.com\/es\/","logo":{"@type":"ImageObject","inLanguage":"es","@id":"https:\/\/holidayhire.com\/es\/#\/schema\/logo\/image\/","url":"https:\/\/holidayhire.com\/wp-content\/uploads\/2024\/08\/holidayhire-logo.jpg","contentUrl":"https:\/\/holidayhire.com\/wp-content\/uploads\/2024\/08\/holidayhire-logo.jpg","width":720,"height":190,"caption":"Alquiler ortopedia Menorca"},"image":{"@id":"https:\/\/holidayhire.com\/es\/#\/schema\/logo\/image\/"}}]}},"_links":{"self":[{"href":"https:\/\/holidayhire.com\/es\/wp-json\/wp\/v2\/product\/212","targetHints":{"allow":["GET"]}}],"collection":[{"href":"https:\/\/holidayhire.com\/es\/wp-json\/wp\/v2\/product"}],"about":[{"href":"https:\/\/holidayhire.com\/es\/wp-json\/wp\/v2\/types\/product"}],"wp:featuredmedia":[{"embeddable":true,"href":"https:\/\/holidayhire.com\/es\/wp-json\/wp\/v2\/media\/206"}],"wp:attachment":[{"href":"https:\/\/holidayhire.com\/es\/wp-json\/wp\/v2\/media?parent=212"}],"wp:term":[{"taxonomy":"product_brand","embeddable":true,"href":"https:\/\/holidayhire.com\/es\/wp-json\/wp\/v2\/product_brand?post=212"},{"taxonomy":"product_cat","embeddable":true,"href":"https:\/\/holidayhire.com\/es\/wp-json\/wp\/v2\/product_cat?post=212"},{"taxonomy":"product_tag","embeddable":true,"href":"https:\/\/holidayhire.com\/es\/wp-json\/wp\/v2\/product_tag?post=212"}],"curies":[{"name":"wp","href":"https:\/\/api.w.org\/{rel}","templated":true}]}}