{"id":202,"date":"2024-08-28T08:33:43","date_gmt":"2024-08-28T08:33:43","guid":{"rendered":"https:\/\/holidayhire.com\/?post_type=product&#038;p=202"},"modified":"2025-04-10T19:12:00","modified_gmt":"2025-04-10T19:12:00","slug":"sillita-coche-bebe","status":"publish","type":"product","link":"https:\/\/holidayhire.com\/es\/producto\/sillita-coche-bebe\/","title":{"rendered":"SILLITA COCHE BEBE"},"content":{"rendered":"","protected":false},"excerpt":{"rendered":"<p>Sillita de Coche para Beb\u00e9: Viaja con total seguridad y comodidad alquilando nuestra sillita de coche para beb\u00e9. Dise\u00f1ada para cumplir con las normativas m\u00e1s estrictas, ofrece protecci\u00f3n y confort para los m\u00e1s peque\u00f1os. F\u00e1cil de instalar y ajustar, es ideal para tus desplazamientos durante las vacaciones. Alquila nuestra sillita de coche para beb\u00e9 y disfruta de un viaje tranquilo y seguro. \u00a1Reserva ahora y asegura la protecci\u00f3n de tu beb\u00e9!<\/p>\n","protected":false},"featured_media":3307,"template":"","meta":[],"product_brand":[],"product_cat":[17],"product_tag":[],"class_list":{"0":"post-202","1":"product","2":"type-product","3":"status-publish","4":"has-post-thumbnail","6":"product_cat-bebes","8":"first","9":"instock","10":"virtual","11":"sold-individually","12":"purchasable","13":"product-type-booking"},"yoast_head":"<!-- This site is optimized with the Yoast SEO plugin v25.9 - https:\/\/yoast.com\/wordpress\/plugins\/seo\/ -->\n<title>SILLITA COCHE BEBE - Alquiler ortopedia Menorca<\/title>\n<meta name=\"robots\" content=\"index, follow, max-snippet:-1, max-image-preview:large, max-video-preview:-1\" \/>\n<link rel=\"canonical\" href=\"https:\/\/holidayhire.com\/es\/producto\/sillita-coche-bebe\/\" \/>\n<meta property=\"og:locale\" content=\"es_ES\" \/>\n<meta property=\"og:type\" content=\"article\" \/>\n<meta property=\"og:title\" content=\"SILLITA COCHE BEBE - Alquiler ortopedia Menorca\" \/>\n<meta property=\"og:description\" content=\"Sillita de Coche para Beb\u00e9: Viaja con total seguridad y comodidad alquilando nuestra sillita de coche para beb\u00e9. Dise\u00f1ada para cumplir con las normativas m\u00e1s estrictas, ofrece protecci\u00f3n y confort para los m\u00e1s peque\u00f1os. F\u00e1cil de instalar y ajustar, es ideal para tus desplazamientos durante las vacaciones. Alquila nuestra sillita de coche para beb\u00e9 y disfruta de un viaje tranquilo y seguro. \u00a1Reserva ahora y asegura la protecci\u00f3n de tu beb\u00e9!\" \/>\n<meta property=\"og:url\" content=\"https:\/\/holidayhire.com\/es\/producto\/sillita-coche-bebe\/\" \/>\n<meta property=\"og:site_name\" content=\"Alquiler ortopedia Menorca\" \/>\n<meta property=\"article:modified_time\" content=\"2025-04-10T19:12:00+00:00\" \/>\n<meta property=\"og:image\" content=\"https:\/\/holidayhire.com\/wp-content\/uploads\/2024\/08\/baby-seat-2-nova-3.webp\" \/>\n\t<meta property=\"og:image:width\" content=\"1201\" \/>\n\t<meta property=\"og:image:height\" content=\"1200\" \/>\n\t<meta property=\"og:image:type\" content=\"image\/webp\" \/>\n<meta name=\"twitter:card\" content=\"summary_large_image\" \/>\n<script type=\"application\/ld+json\" class=\"yoast-schema-graph\">{\"@context\":\"https:\/\/schema.org\",\"@graph\":[{\"@type\":\"WebPage\",\"@id\":\"https:\/\/holidayhire.com\/es\/producto\/sillita-coche-bebe\/\",\"url\":\"https:\/\/holidayhire.com\/es\/producto\/sillita-coche-bebe\/\",\"name\":\"SILLITA COCHE BEBE - Alquiler ortopedia Menorca\",\"isPartOf\":{\"@id\":\"https:\/\/holidayhire.com\/es\/#website\"},\"primaryImageOfPage\":{\"@id\":\"https:\/\/holidayhire.com\/es\/producto\/sillita-coche-bebe\/#primaryimage\"},\"image\":{\"@id\":\"https:\/\/holidayhire.com\/es\/producto\/sillita-coche-bebe\/#primaryimage\"},\"thumbnailUrl\":\"https:\/\/holidayhire.com\/wp-content\/uploads\/2024\/08\/baby-seat-2-nova-3.webp\",\"datePublished\":\"2024-08-28T08:33:43+00:00\",\"dateModified\":\"2025-04-10T19:12:00+00:00\",\"breadcrumb\":{\"@id\":\"https:\/\/holidayhire.com\/es\/producto\/sillita-coche-bebe\/#breadcrumb\"},\"inLanguage\":\"es\",\"potentialAction\":[{\"@type\":\"ReadAction\",\"target\":[\"https:\/\/holidayhire.com\/es\/producto\/sillita-coche-bebe\/\"]}]},{\"@type\":\"ImageObject\",\"inLanguage\":\"es\",\"@id\":\"https:\/\/holidayhire.com\/es\/producto\/sillita-coche-bebe\/#primaryimage\",\"url\":\"https:\/\/holidayhire.com\/wp-content\/uploads\/2024\/08\/baby-seat-2-nova-3.webp\",\"contentUrl\":\"https:\/\/holidayhire.com\/wp-content\/uploads\/2024\/08\/baby-seat-2-nova-3.webp\",\"width\":1201,\"height\":1200},{\"@type\":\"BreadcrumbList\",\"@id\":\"https:\/\/holidayhire.com\/es\/producto\/sillita-coche-bebe\/#breadcrumb\",\"itemListElement\":[{\"@type\":\"ListItem\",\"position\":1,\"name\":\"Home\",\"item\":\"https:\/\/holidayhire.com\/es\/\"},{\"@type\":\"ListItem\",\"position\":2,\"name\":\"Shop\",\"item\":\"https:\/\/holidayhire.com\/en\/shop\/\"},{\"@type\":\"ListItem\",\"position\":3,\"name\":\"SILLITA COCHE BEBE\"}]},{\"@type\":\"WebSite\",\"@id\":\"https:\/\/holidayhire.com\/es\/#website\",\"url\":\"https:\/\/holidayhire.com\/es\/\",\"name\":\"Alquiler ortopedia Menorca\",\"description\":\"\",\"publisher\":{\"@id\":\"https:\/\/holidayhire.com\/es\/#organization\"},\"potentialAction\":[{\"@type\":\"SearchAction\",\"target\":{\"@type\":\"EntryPoint\",\"urlTemplate\":\"https:\/\/holidayhire.com\/es\/?s={search_term_string}\"},\"query-input\":{\"@type\":\"PropertyValueSpecification\",\"valueRequired\":true,\"valueName\":\"search_term_string\"}}],\"inLanguage\":\"es\"},{\"@type\":\"Organization\",\"@id\":\"https:\/\/holidayhire.com\/es\/#organization\",\"name\":\"Alquiler ortopedia Menorca\",\"url\":\"https:\/\/holidayhire.com\/es\/\",\"logo\":{\"@type\":\"ImageObject\",\"inLanguage\":\"es\",\"@id\":\"https:\/\/holidayhire.com\/es\/#\/schema\/logo\/image\/\",\"url\":\"https:\/\/holidayhire.com\/wp-content\/uploads\/2024\/08\/holidayhire-logo.jpg\",\"contentUrl\":\"https:\/\/holidayhire.com\/wp-content\/uploads\/2024\/08\/holidayhire-logo.jpg\",\"width\":720,\"height\":190,\"caption\":\"Alquiler ortopedia Menorca\"},\"image\":{\"@id\":\"https:\/\/holidayhire.com\/es\/#\/schema\/logo\/image\/\"}}]}<\/script>\n<!-- \/ Yoast SEO plugin. -->","yoast_head_json":{"title":"SILLITA COCHE BEBE - Alquiler ortopedia Menorca","robots":{"index":"index","follow":"follow","max-snippet":"max-snippet:-1","max-image-preview":"max-image-preview:large","max-video-preview":"max-video-preview:-1"},"canonical":"https:\/\/holidayhire.com\/es\/producto\/sillita-coche-bebe\/","og_locale":"es_ES","og_type":"article","og_title":"SILLITA COCHE BEBE - Alquiler ortopedia Menorca","og_description":"Sillita de Coche para Beb\u00e9: Viaja con total seguridad y comodidad alquilando nuestra sillita de coche para beb\u00e9. Dise\u00f1ada para cumplir con las normativas m\u00e1s estrictas, ofrece protecci\u00f3n y confort para los m\u00e1s peque\u00f1os. F\u00e1cil de instalar y ajustar, es ideal para tus desplazamientos durante las vacaciones. Alquila nuestra sillita de coche para beb\u00e9 y disfruta de un viaje tranquilo y seguro. \u00a1Reserva ahora y asegura la protecci\u00f3n de tu beb\u00e9!","og_url":"https:\/\/holidayhire.com\/es\/producto\/sillita-coche-bebe\/","og_site_name":"Alquiler ortopedia Menorca","article_modified_time":"2025-04-10T19:12:00+00:00","og_image":[{"width":1201,"height":1200,"url":"https:\/\/holidayhire.com\/wp-content\/uploads\/2024\/08\/baby-seat-2-nova-3.webp","type":"image\/webp"}],"twitter_card":"summary_large_image","schema":{"@context":"https:\/\/schema.org","@graph":[{"@type":"WebPage","@id":"https:\/\/holidayhire.com\/es\/producto\/sillita-coche-bebe\/","url":"https:\/\/holidayhire.com\/es\/producto\/sillita-coche-bebe\/","name":"SILLITA COCHE BEBE - Alquiler ortopedia Menorca","isPartOf":{"@id":"https:\/\/holidayhire.com\/es\/#website"},"primaryImageOfPage":{"@id":"https:\/\/holidayhire.com\/es\/producto\/sillita-coche-bebe\/#primaryimage"},"image":{"@id":"https:\/\/holidayhire.com\/es\/producto\/sillita-coche-bebe\/#primaryimage"},"thumbnailUrl":"https:\/\/holidayhire.com\/wp-content\/uploads\/2024\/08\/baby-seat-2-nova-3.webp","datePublished":"2024-08-28T08:33:43+00:00","dateModified":"2025-04-10T19:12:00+00:00","breadcrumb":{"@id":"https:\/\/holidayhire.com\/es\/producto\/sillita-coche-bebe\/#breadcrumb"},"inLanguage":"es","potentialAction":[{"@type":"ReadAction","target":["https:\/\/holidayhire.com\/es\/producto\/sillita-coche-bebe\/"]}]},{"@type":"ImageObject","inLanguage":"es","@id":"https:\/\/holidayhire.com\/es\/producto\/sillita-coche-bebe\/#primaryimage","url":"https:\/\/holidayhire.com\/wp-content\/uploads\/2024\/08\/baby-seat-2-nova-3.webp","contentUrl":"https:\/\/holidayhire.com\/wp-content\/uploads\/2024\/08\/baby-seat-2-nova-3.webp","width":1201,"height":1200},{"@type":"BreadcrumbList","@id":"https:\/\/holidayhire.com\/es\/producto\/sillita-coche-bebe\/#breadcrumb","itemListElement":[{"@type":"ListItem","position":1,"name":"Home","item":"https:\/\/holidayhire.com\/es\/"},{"@type":"ListItem","position":2,"name":"Shop","item":"https:\/\/holidayhire.com\/en\/shop\/"},{"@type":"ListItem","position":3,"name":"SILLITA COCHE BEBE"}]},{"@type":"WebSite","@id":"https:\/\/holidayhire.com\/es\/#website","url":"https:\/\/holidayhire.com\/es\/","name":"Alquiler ortopedia Menorca","description":"","publisher":{"@id":"https:\/\/holidayhire.com\/es\/#organization"},"potentialAction":[{"@type":"SearchAction","target":{"@type":"EntryPoint","urlTemplate":"https:\/\/holidayhire.com\/es\/?s={search_term_string}"},"query-input":{"@type":"PropertyValueSpecification","valueRequired":true,"valueName":"search_term_string"}}],"inLanguage":"es"},{"@type":"Organization","@id":"https:\/\/holidayhire.com\/es\/#organization","name":"Alquiler ortopedia Menorca","url":"https:\/\/holidayhire.com\/es\/","logo":{"@type":"ImageObject","inLanguage":"es","@id":"https:\/\/holidayhire.com\/es\/#\/schema\/logo\/image\/","url":"https:\/\/holidayhire.com\/wp-content\/uploads\/2024\/08\/holidayhire-logo.jpg","contentUrl":"https:\/\/holidayhire.com\/wp-content\/uploads\/2024\/08\/holidayhire-logo.jpg","width":720,"height":190,"caption":"Alquiler ortopedia Menorca"},"image":{"@id":"https:\/\/holidayhire.com\/es\/#\/schema\/logo\/image\/"}}]}},"_links":{"self":[{"href":"https:\/\/holidayhire.com\/es\/wp-json\/wp\/v2\/product\/202","targetHints":{"allow":["GET"]}}],"collection":[{"href":"https:\/\/holidayhire.com\/es\/wp-json\/wp\/v2\/product"}],"about":[{"href":"https:\/\/holidayhire.com\/es\/wp-json\/wp\/v2\/types\/product"}],"wp:featuredmedia":[{"embeddable":true,"href":"https:\/\/holidayhire.com\/es\/wp-json\/wp\/v2\/media\/3307"}],"wp:attachment":[{"href":"https:\/\/holidayhire.com\/es\/wp-json\/wp\/v2\/media?parent=202"}],"wp:term":[{"taxonomy":"product_brand","embeddable":true,"href":"https:\/\/holidayhire.com\/es\/wp-json\/wp\/v2\/product_brand?post=202"},{"taxonomy":"product_cat","embeddable":true,"href":"https:\/\/holidayhire.com\/es\/wp-json\/wp\/v2\/product_cat?post=202"},{"taxonomy":"product_tag","embeddable":true,"href":"https:\/\/holidayhire.com\/es\/wp-json\/wp\/v2\/product_tag?post=202"}],"curies":[{"name":"wp","href":"https:\/\/api.w.org\/{rel}","templated":true}]}}