{"id":150,"date":"2024-08-27T14:56:15","date_gmt":"2024-08-27T14:56:15","guid":{"rendered":"https:\/\/holidayhire.com\/?post_type=product&#038;p=150"},"modified":"2026-04-27T16:22:28","modified_gmt":"2026-04-27T16:22:28","slug":"muletas","status":"publish","type":"product","link":"https:\/\/holidayhire.com\/es\/producto\/muletas\/","title":{"rendered":"MULETAS"},"content":{"rendered":"","protected":false},"excerpt":{"rendered":"<p><strong>Muletas<\/strong>: Perfectas para quienes necesitan apoyo adicional al caminar, nuestras muletas son ligeras, ajustables y f\u00e1ciles de usar. Fabricadas con materiales duraderos, ofrecen comodidad y seguridad gracias a sus empu\u00f1aduras ergon\u00f3micas y puntas antideslizantes. Ideales para alquiler vacacional, permiten una movilidad segura y eficiente. \u00a1Recupera tu independencia con nuestras muletas de alta calidad!<\/p>\n","protected":false},"featured_media":1089,"template":"","meta":[],"product_brand":[],"product_cat":[18],"product_tag":[],"class_list":{"0":"post-150","1":"product","2":"type-product","3":"status-publish","4":"has-post-thumbnail","6":"product_cat-ortopedia","8":"first","9":"instock","10":"virtual","11":"sold-individually","12":"purchasable","13":"product-type-booking"},"yoast_head":"<!-- This site is optimized with the Yoast SEO plugin v27.4 - https:\/\/yoast.com\/product\/yoast-seo-wordpress\/ -->\n<title>MULETAS - Alquiler ortopedia Menorca<\/title>\n<meta name=\"robots\" content=\"index, follow, max-snippet:-1, max-image-preview:large, max-video-preview:-1\" \/>\n<link rel=\"canonical\" href=\"https:\/\/holidayhire.com\/es\/producto\/muletas\/\" \/>\n<meta property=\"og:locale\" content=\"es_ES\" \/>\n<meta property=\"og:type\" content=\"article\" \/>\n<meta property=\"og:title\" content=\"MULETAS - Alquiler ortopedia Menorca\" \/>\n<meta property=\"og:description\" content=\"Muletas: Perfectas para quienes necesitan apoyo adicional al caminar, nuestras muletas son ligeras, ajustables y f\u00e1ciles de usar. Fabricadas con materiales duraderos, ofrecen comodidad y seguridad gracias a sus empu\u00f1aduras ergon\u00f3micas y puntas antideslizantes. Ideales para alquiler vacacional, permiten una movilidad segura y eficiente. \u00a1Recupera tu independencia con nuestras muletas de alta calidad!\" \/>\n<meta property=\"og:url\" content=\"https:\/\/holidayhire.com\/es\/producto\/muletas\/\" \/>\n<meta property=\"og:site_name\" content=\"Alquiler ortopedia Menorca\" \/>\n<meta property=\"article:modified_time\" content=\"2026-04-27T16:22:28+00:00\" \/>\n<meta property=\"og:image\" content=\"https:\/\/holidayhire.com\/wp-content\/uploads\/2024\/08\/empatia-12.png\" \/>\n\t<meta property=\"og:image:width\" content=\"800\" \/>\n\t<meta property=\"og:image:height\" content=\"800\" \/>\n\t<meta property=\"og:image:type\" content=\"image\/png\" \/>\n<meta name=\"twitter:card\" content=\"summary_large_image\" \/>\n<meta name=\"twitter:label1\" content=\"Tiempo de lectura\" \/>\n\t<meta name=\"twitter:data1\" content=\"1 minuto\" \/>\n<script type=\"application\/ld+json\" class=\"yoast-schema-graph\">{\"@context\":\"https:\\\/\\\/schema.org\",\"@graph\":[{\"@type\":\"WebPage\",\"@id\":\"https:\\\/\\\/holidayhire.com\\\/es\\\/producto\\\/muletas\\\/\",\"url\":\"https:\\\/\\\/holidayhire.com\\\/es\\\/producto\\\/muletas\\\/\",\"name\":\"MULETAS - Alquiler ortopedia Menorca\",\"isPartOf\":{\"@id\":\"https:\\\/\\\/holidayhire.com\\\/es\\\/#website\"},\"primaryImageOfPage\":{\"@id\":\"https:\\\/\\\/holidayhire.com\\\/es\\\/producto\\\/muletas\\\/#primaryimage\"},\"image\":{\"@id\":\"https:\\\/\\\/holidayhire.com\\\/es\\\/producto\\\/muletas\\\/#primaryimage\"},\"thumbnailUrl\":\"https:\\\/\\\/holidayhire.com\\\/wp-content\\\/uploads\\\/2024\\\/08\\\/empatia-12.png\",\"datePublished\":\"2024-08-27T14:56:15+00:00\",\"dateModified\":\"2026-04-27T16:22:28+00:00\",\"breadcrumb\":{\"@id\":\"https:\\\/\\\/holidayhire.com\\\/es\\\/producto\\\/muletas\\\/#breadcrumb\"},\"inLanguage\":\"es\",\"potentialAction\":[{\"@type\":\"ReadAction\",\"target\":[\"https:\\\/\\\/holidayhire.com\\\/es\\\/producto\\\/muletas\\\/\"]}]},{\"@type\":\"ImageObject\",\"inLanguage\":\"es\",\"@id\":\"https:\\\/\\\/holidayhire.com\\\/es\\\/producto\\\/muletas\\\/#primaryimage\",\"url\":\"https:\\\/\\\/holidayhire.com\\\/wp-content\\\/uploads\\\/2024\\\/08\\\/empatia-12.png\",\"contentUrl\":\"https:\\\/\\\/holidayhire.com\\\/wp-content\\\/uploads\\\/2024\\\/08\\\/empatia-12.png\",\"width\":800,\"height\":800},{\"@type\":\"BreadcrumbList\",\"@id\":\"https:\\\/\\\/holidayhire.com\\\/es\\\/producto\\\/muletas\\\/#breadcrumb\",\"itemListElement\":[{\"@type\":\"ListItem\",\"position\":1,\"name\":\"Home\",\"item\":\"https:\\\/\\\/holidayhire.com\\\/es\\\/\"},{\"@type\":\"ListItem\",\"position\":2,\"name\":\"Shop\",\"item\":\"https:\\\/\\\/holidayhire.com\\\/en\\\/shop\\\/\"},{\"@type\":\"ListItem\",\"position\":3,\"name\":\"MULETAS\"}]},{\"@type\":\"WebSite\",\"@id\":\"https:\\\/\\\/holidayhire.com\\\/es\\\/#website\",\"url\":\"https:\\\/\\\/holidayhire.com\\\/es\\\/\",\"name\":\"Alquiler ortopedia Menorca\",\"description\":\"\",\"publisher\":{\"@id\":\"https:\\\/\\\/holidayhire.com\\\/es\\\/#organization\"},\"potentialAction\":[{\"@type\":\"SearchAction\",\"target\":{\"@type\":\"EntryPoint\",\"urlTemplate\":\"https:\\\/\\\/holidayhire.com\\\/es\\\/?s={search_term_string}\"},\"query-input\":{\"@type\":\"PropertyValueSpecification\",\"valueRequired\":true,\"valueName\":\"search_term_string\"}}],\"inLanguage\":\"es\"},{\"@type\":\"Organization\",\"@id\":\"https:\\\/\\\/holidayhire.com\\\/es\\\/#organization\",\"name\":\"Alquiler ortopedia Menorca\",\"url\":\"https:\\\/\\\/holidayhire.com\\\/es\\\/\",\"logo\":{\"@type\":\"ImageObject\",\"inLanguage\":\"es\",\"@id\":\"https:\\\/\\\/holidayhire.com\\\/es\\\/#\\\/schema\\\/logo\\\/image\\\/\",\"url\":\"https:\\\/\\\/holidayhire.com\\\/wp-content\\\/uploads\\\/2024\\\/08\\\/holidayhire-logo.jpg\",\"contentUrl\":\"https:\\\/\\\/holidayhire.com\\\/wp-content\\\/uploads\\\/2024\\\/08\\\/holidayhire-logo.jpg\",\"width\":720,\"height\":190,\"caption\":\"Alquiler ortopedia Menorca\"},\"image\":{\"@id\":\"https:\\\/\\\/holidayhire.com\\\/es\\\/#\\\/schema\\\/logo\\\/image\\\/\"}}]}<\/script>\n<!-- \/ Yoast SEO plugin. -->","yoast_head_json":{"title":"MULETAS - Alquiler ortopedia Menorca","robots":{"index":"index","follow":"follow","max-snippet":"max-snippet:-1","max-image-preview":"max-image-preview:large","max-video-preview":"max-video-preview:-1"},"canonical":"https:\/\/holidayhire.com\/es\/producto\/muletas\/","og_locale":"es_ES","og_type":"article","og_title":"MULETAS - Alquiler ortopedia Menorca","og_description":"Muletas: Perfectas para quienes necesitan apoyo adicional al caminar, nuestras muletas son ligeras, ajustables y f\u00e1ciles de usar. Fabricadas con materiales duraderos, ofrecen comodidad y seguridad gracias a sus empu\u00f1aduras ergon\u00f3micas y puntas antideslizantes. Ideales para alquiler vacacional, permiten una movilidad segura y eficiente. \u00a1Recupera tu independencia con nuestras muletas de alta calidad!","og_url":"https:\/\/holidayhire.com\/es\/producto\/muletas\/","og_site_name":"Alquiler ortopedia Menorca","article_modified_time":"2026-04-27T16:22:28+00:00","og_image":[{"width":800,"height":800,"url":"https:\/\/holidayhire.com\/wp-content\/uploads\/2024\/08\/empatia-12.png","type":"image\/png"}],"twitter_card":"summary_large_image","twitter_misc":{"Tiempo de lectura":"1 minuto"},"schema":{"@context":"https:\/\/schema.org","@graph":[{"@type":"WebPage","@id":"https:\/\/holidayhire.com\/es\/producto\/muletas\/","url":"https:\/\/holidayhire.com\/es\/producto\/muletas\/","name":"MULETAS - Alquiler ortopedia Menorca","isPartOf":{"@id":"https:\/\/holidayhire.com\/es\/#website"},"primaryImageOfPage":{"@id":"https:\/\/holidayhire.com\/es\/producto\/muletas\/#primaryimage"},"image":{"@id":"https:\/\/holidayhire.com\/es\/producto\/muletas\/#primaryimage"},"thumbnailUrl":"https:\/\/holidayhire.com\/wp-content\/uploads\/2024\/08\/empatia-12.png","datePublished":"2024-08-27T14:56:15+00:00","dateModified":"2026-04-27T16:22:28+00:00","breadcrumb":{"@id":"https:\/\/holidayhire.com\/es\/producto\/muletas\/#breadcrumb"},"inLanguage":"es","potentialAction":[{"@type":"ReadAction","target":["https:\/\/holidayhire.com\/es\/producto\/muletas\/"]}]},{"@type":"ImageObject","inLanguage":"es","@id":"https:\/\/holidayhire.com\/es\/producto\/muletas\/#primaryimage","url":"https:\/\/holidayhire.com\/wp-content\/uploads\/2024\/08\/empatia-12.png","contentUrl":"https:\/\/holidayhire.com\/wp-content\/uploads\/2024\/08\/empatia-12.png","width":800,"height":800},{"@type":"BreadcrumbList","@id":"https:\/\/holidayhire.com\/es\/producto\/muletas\/#breadcrumb","itemListElement":[{"@type":"ListItem","position":1,"name":"Home","item":"https:\/\/holidayhire.com\/es\/"},{"@type":"ListItem","position":2,"name":"Shop","item":"https:\/\/holidayhire.com\/en\/shop\/"},{"@type":"ListItem","position":3,"name":"MULETAS"}]},{"@type":"WebSite","@id":"https:\/\/holidayhire.com\/es\/#website","url":"https:\/\/holidayhire.com\/es\/","name":"Alquiler ortopedia Menorca","description":"","publisher":{"@id":"https:\/\/holidayhire.com\/es\/#organization"},"potentialAction":[{"@type":"SearchAction","target":{"@type":"EntryPoint","urlTemplate":"https:\/\/holidayhire.com\/es\/?s={search_term_string}"},"query-input":{"@type":"PropertyValueSpecification","valueRequired":true,"valueName":"search_term_string"}}],"inLanguage":"es"},{"@type":"Organization","@id":"https:\/\/holidayhire.com\/es\/#organization","name":"Alquiler ortopedia Menorca","url":"https:\/\/holidayhire.com\/es\/","logo":{"@type":"ImageObject","inLanguage":"es","@id":"https:\/\/holidayhire.com\/es\/#\/schema\/logo\/image\/","url":"https:\/\/holidayhire.com\/wp-content\/uploads\/2024\/08\/holidayhire-logo.jpg","contentUrl":"https:\/\/holidayhire.com\/wp-content\/uploads\/2024\/08\/holidayhire-logo.jpg","width":720,"height":190,"caption":"Alquiler ortopedia Menorca"},"image":{"@id":"https:\/\/holidayhire.com\/es\/#\/schema\/logo\/image\/"}}]}},"_links":{"self":[{"href":"https:\/\/holidayhire.com\/es\/wp-json\/wp\/v2\/product\/150","targetHints":{"allow":["GET"]}}],"collection":[{"href":"https:\/\/holidayhire.com\/es\/wp-json\/wp\/v2\/product"}],"about":[{"href":"https:\/\/holidayhire.com\/es\/wp-json\/wp\/v2\/types\/product"}],"wp:featuredmedia":[{"embeddable":true,"href":"https:\/\/holidayhire.com\/es\/wp-json\/wp\/v2\/media\/1089"}],"wp:attachment":[{"href":"https:\/\/holidayhire.com\/es\/wp-json\/wp\/v2\/media?parent=150"}],"wp:term":[{"taxonomy":"product_brand","embeddable":true,"href":"https:\/\/holidayhire.com\/es\/wp-json\/wp\/v2\/product_brand?post=150"},{"taxonomy":"product_cat","embeddable":true,"href":"https:\/\/holidayhire.com\/es\/wp-json\/wp\/v2\/product_cat?post=150"},{"taxonomy":"product_tag","embeddable":true,"href":"https:\/\/holidayhire.com\/es\/wp-json\/wp\/v2\/product_tag?post=150"}],"curies":[{"name":"wp","href":"https:\/\/api.w.org\/{rel}","templated":true}]}}