{"id":133,"date":"2024-08-27T14:24:46","date_gmt":"2024-08-27T14:24:46","guid":{"rendered":"https:\/\/holidayhire.com\/?post_type=product&#038;p=133"},"modified":"2025-04-11T06:54:55","modified_gmt":"2025-04-11T06:54:55","slug":"arnes","status":"publish","type":"product","link":"https:\/\/holidayhire.com\/es\/producto\/arnes\/","title":{"rendered":"ARNES"},"content":{"rendered":"","protected":false},"excerpt":{"rendered":"<p>\u00a1Asegura tu comodidad y seguridad con nuestro arn\u00e9s ortop\u00e9dico! Perfecto para tus vacaciones, este arn\u00e9s proporciona un soporte firme y ajustable, ideal para diversas actividades. Su dise\u00f1o ergon\u00f3mico y materiales de alta calidad garantizan durabilidad y confort. F\u00e1cil de usar y transportar, es el complemento perfecto para mantener tu independencia. \u00a1Reserva ahora y disfruta de tus aventuras con total tranquilidad!<\/p>\n","protected":false},"featured_media":3331,"template":"","meta":[],"product_brand":[],"product_cat":[18],"product_tag":[],"class_list":{"0":"post-133","1":"product","2":"type-product","3":"status-publish","4":"has-post-thumbnail","6":"product_cat-ortopedia","8":"first","9":"instock","10":"virtual","11":"sold-individually","12":"purchasable","13":"product-type-booking"},"yoast_head":"<!-- This site is optimized with the Yoast SEO plugin v25.9 - https:\/\/yoast.com\/wordpress\/plugins\/seo\/ -->\n<title>ARNES - Alquiler ortopedia Menorca<\/title>\n<meta name=\"robots\" content=\"index, follow, max-snippet:-1, max-image-preview:large, max-video-preview:-1\" \/>\n<link rel=\"canonical\" href=\"https:\/\/holidayhire.com\/es\/producto\/arnes\/\" \/>\n<meta property=\"og:locale\" content=\"es_ES\" \/>\n<meta property=\"og:type\" content=\"article\" \/>\n<meta property=\"og:title\" content=\"ARNES - Alquiler ortopedia Menorca\" \/>\n<meta property=\"og:description\" content=\"\u00a1Asegura tu comodidad y seguridad con nuestro arn\u00e9s ortop\u00e9dico! Perfecto para tus vacaciones, este arn\u00e9s proporciona un soporte firme y ajustable, ideal para diversas actividades. Su dise\u00f1o ergon\u00f3mico y materiales de alta calidad garantizan durabilidad y confort. F\u00e1cil de usar y transportar, es el complemento perfecto para mantener tu independencia. \u00a1Reserva ahora y disfruta de tus aventuras con total tranquilidad!\" \/>\n<meta property=\"og:url\" content=\"https:\/\/holidayhire.com\/es\/producto\/arnes\/\" \/>\n<meta property=\"og:site_name\" content=\"Alquiler ortopedia Menorca\" \/>\n<meta property=\"article:modified_time\" content=\"2025-04-11T06:54:55+00:00\" \/>\n<meta property=\"og:image\" content=\"https:\/\/holidayhire.com\/wp-content\/uploads\/2024\/08\/harness-nova-2.webp\" \/>\n\t<meta property=\"og:image:width\" content=\"1200\" \/>\n\t<meta property=\"og:image:height\" content=\"1200\" \/>\n\t<meta property=\"og:image:type\" content=\"image\/webp\" \/>\n<meta name=\"twitter:card\" content=\"summary_large_image\" \/>\n<meta name=\"twitter:label1\" content=\"Tiempo de lectura\" \/>\n\t<meta name=\"twitter:data1\" content=\"1 minuto\" \/>\n<script type=\"application\/ld+json\" class=\"yoast-schema-graph\">{\"@context\":\"https:\/\/schema.org\",\"@graph\":[{\"@type\":\"WebPage\",\"@id\":\"https:\/\/holidayhire.com\/es\/producto\/arnes\/\",\"url\":\"https:\/\/holidayhire.com\/es\/producto\/arnes\/\",\"name\":\"ARNES - Alquiler ortopedia Menorca\",\"isPartOf\":{\"@id\":\"https:\/\/holidayhire.com\/es\/#website\"},\"primaryImageOfPage\":{\"@id\":\"https:\/\/holidayhire.com\/es\/producto\/arnes\/#primaryimage\"},\"image\":{\"@id\":\"https:\/\/holidayhire.com\/es\/producto\/arnes\/#primaryimage\"},\"thumbnailUrl\":\"https:\/\/holidayhire.com\/wp-content\/uploads\/2024\/08\/harness-nova-2.webp\",\"datePublished\":\"2024-08-27T14:24:46+00:00\",\"dateModified\":\"2025-04-11T06:54:55+00:00\",\"breadcrumb\":{\"@id\":\"https:\/\/holidayhire.com\/es\/producto\/arnes\/#breadcrumb\"},\"inLanguage\":\"es\",\"potentialAction\":[{\"@type\":\"ReadAction\",\"target\":[\"https:\/\/holidayhire.com\/es\/producto\/arnes\/\"]}]},{\"@type\":\"ImageObject\",\"inLanguage\":\"es\",\"@id\":\"https:\/\/holidayhire.com\/es\/producto\/arnes\/#primaryimage\",\"url\":\"https:\/\/holidayhire.com\/wp-content\/uploads\/2024\/08\/harness-nova-2.webp\",\"contentUrl\":\"https:\/\/holidayhire.com\/wp-content\/uploads\/2024\/08\/harness-nova-2.webp\",\"width\":1200,\"height\":1200},{\"@type\":\"BreadcrumbList\",\"@id\":\"https:\/\/holidayhire.com\/es\/producto\/arnes\/#breadcrumb\",\"itemListElement\":[{\"@type\":\"ListItem\",\"position\":1,\"name\":\"Home\",\"item\":\"https:\/\/holidayhire.com\/es\/\"},{\"@type\":\"ListItem\",\"position\":2,\"name\":\"Shop\",\"item\":\"https:\/\/holidayhire.com\/en\/shop\/\"},{\"@type\":\"ListItem\",\"position\":3,\"name\":\"ARNES\"}]},{\"@type\":\"WebSite\",\"@id\":\"https:\/\/holidayhire.com\/es\/#website\",\"url\":\"https:\/\/holidayhire.com\/es\/\",\"name\":\"Alquiler ortopedia Menorca\",\"description\":\"\",\"publisher\":{\"@id\":\"https:\/\/holidayhire.com\/es\/#organization\"},\"potentialAction\":[{\"@type\":\"SearchAction\",\"target\":{\"@type\":\"EntryPoint\",\"urlTemplate\":\"https:\/\/holidayhire.com\/es\/?s={search_term_string}\"},\"query-input\":{\"@type\":\"PropertyValueSpecification\",\"valueRequired\":true,\"valueName\":\"search_term_string\"}}],\"inLanguage\":\"es\"},{\"@type\":\"Organization\",\"@id\":\"https:\/\/holidayhire.com\/es\/#organization\",\"name\":\"Alquiler ortopedia Menorca\",\"url\":\"https:\/\/holidayhire.com\/es\/\",\"logo\":{\"@type\":\"ImageObject\",\"inLanguage\":\"es\",\"@id\":\"https:\/\/holidayhire.com\/es\/#\/schema\/logo\/image\/\",\"url\":\"https:\/\/holidayhire.com\/wp-content\/uploads\/2024\/08\/holidayhire-logo.jpg\",\"contentUrl\":\"https:\/\/holidayhire.com\/wp-content\/uploads\/2024\/08\/holidayhire-logo.jpg\",\"width\":720,\"height\":190,\"caption\":\"Alquiler ortopedia Menorca\"},\"image\":{\"@id\":\"https:\/\/holidayhire.com\/es\/#\/schema\/logo\/image\/\"}}]}<\/script>\n<!-- \/ Yoast SEO plugin. -->","yoast_head_json":{"title":"ARNES - Alquiler ortopedia Menorca","robots":{"index":"index","follow":"follow","max-snippet":"max-snippet:-1","max-image-preview":"max-image-preview:large","max-video-preview":"max-video-preview:-1"},"canonical":"https:\/\/holidayhire.com\/es\/producto\/arnes\/","og_locale":"es_ES","og_type":"article","og_title":"ARNES - Alquiler ortopedia Menorca","og_description":"\u00a1Asegura tu comodidad y seguridad con nuestro arn\u00e9s ortop\u00e9dico! Perfecto para tus vacaciones, este arn\u00e9s proporciona un soporte firme y ajustable, ideal para diversas actividades. Su dise\u00f1o ergon\u00f3mico y materiales de alta calidad garantizan durabilidad y confort. F\u00e1cil de usar y transportar, es el complemento perfecto para mantener tu independencia. \u00a1Reserva ahora y disfruta de tus aventuras con total tranquilidad!","og_url":"https:\/\/holidayhire.com\/es\/producto\/arnes\/","og_site_name":"Alquiler ortopedia Menorca","article_modified_time":"2025-04-11T06:54:55+00:00","og_image":[{"width":1200,"height":1200,"url":"https:\/\/holidayhire.com\/wp-content\/uploads\/2024\/08\/harness-nova-2.webp","type":"image\/webp"}],"twitter_card":"summary_large_image","twitter_misc":{"Tiempo de lectura":"1 minuto"},"schema":{"@context":"https:\/\/schema.org","@graph":[{"@type":"WebPage","@id":"https:\/\/holidayhire.com\/es\/producto\/arnes\/","url":"https:\/\/holidayhire.com\/es\/producto\/arnes\/","name":"ARNES - Alquiler ortopedia Menorca","isPartOf":{"@id":"https:\/\/holidayhire.com\/es\/#website"},"primaryImageOfPage":{"@id":"https:\/\/holidayhire.com\/es\/producto\/arnes\/#primaryimage"},"image":{"@id":"https:\/\/holidayhire.com\/es\/producto\/arnes\/#primaryimage"},"thumbnailUrl":"https:\/\/holidayhire.com\/wp-content\/uploads\/2024\/08\/harness-nova-2.webp","datePublished":"2024-08-27T14:24:46+00:00","dateModified":"2025-04-11T06:54:55+00:00","breadcrumb":{"@id":"https:\/\/holidayhire.com\/es\/producto\/arnes\/#breadcrumb"},"inLanguage":"es","potentialAction":[{"@type":"ReadAction","target":["https:\/\/holidayhire.com\/es\/producto\/arnes\/"]}]},{"@type":"ImageObject","inLanguage":"es","@id":"https:\/\/holidayhire.com\/es\/producto\/arnes\/#primaryimage","url":"https:\/\/holidayhire.com\/wp-content\/uploads\/2024\/08\/harness-nova-2.webp","contentUrl":"https:\/\/holidayhire.com\/wp-content\/uploads\/2024\/08\/harness-nova-2.webp","width":1200,"height":1200},{"@type":"BreadcrumbList","@id":"https:\/\/holidayhire.com\/es\/producto\/arnes\/#breadcrumb","itemListElement":[{"@type":"ListItem","position":1,"name":"Home","item":"https:\/\/holidayhire.com\/es\/"},{"@type":"ListItem","position":2,"name":"Shop","item":"https:\/\/holidayhire.com\/en\/shop\/"},{"@type":"ListItem","position":3,"name":"ARNES"}]},{"@type":"WebSite","@id":"https:\/\/holidayhire.com\/es\/#website","url":"https:\/\/holidayhire.com\/es\/","name":"Alquiler ortopedia Menorca","description":"","publisher":{"@id":"https:\/\/holidayhire.com\/es\/#organization"},"potentialAction":[{"@type":"SearchAction","target":{"@type":"EntryPoint","urlTemplate":"https:\/\/holidayhire.com\/es\/?s={search_term_string}"},"query-input":{"@type":"PropertyValueSpecification","valueRequired":true,"valueName":"search_term_string"}}],"inLanguage":"es"},{"@type":"Organization","@id":"https:\/\/holidayhire.com\/es\/#organization","name":"Alquiler ortopedia Menorca","url":"https:\/\/holidayhire.com\/es\/","logo":{"@type":"ImageObject","inLanguage":"es","@id":"https:\/\/holidayhire.com\/es\/#\/schema\/logo\/image\/","url":"https:\/\/holidayhire.com\/wp-content\/uploads\/2024\/08\/holidayhire-logo.jpg","contentUrl":"https:\/\/holidayhire.com\/wp-content\/uploads\/2024\/08\/holidayhire-logo.jpg","width":720,"height":190,"caption":"Alquiler ortopedia Menorca"},"image":{"@id":"https:\/\/holidayhire.com\/es\/#\/schema\/logo\/image\/"}}]}},"_links":{"self":[{"href":"https:\/\/holidayhire.com\/es\/wp-json\/wp\/v2\/product\/133","targetHints":{"allow":["GET"]}}],"collection":[{"href":"https:\/\/holidayhire.com\/es\/wp-json\/wp\/v2\/product"}],"about":[{"href":"https:\/\/holidayhire.com\/es\/wp-json\/wp\/v2\/types\/product"}],"wp:featuredmedia":[{"embeddable":true,"href":"https:\/\/holidayhire.com\/es\/wp-json\/wp\/v2\/media\/3331"}],"wp:attachment":[{"href":"https:\/\/holidayhire.com\/es\/wp-json\/wp\/v2\/media?parent=133"}],"wp:term":[{"taxonomy":"product_brand","embeddable":true,"href":"https:\/\/holidayhire.com\/es\/wp-json\/wp\/v2\/product_brand?post=133"},{"taxonomy":"product_cat","embeddable":true,"href":"https:\/\/holidayhire.com\/es\/wp-json\/wp\/v2\/product_cat?post=133"},{"taxonomy":"product_tag","embeddable":true,"href":"https:\/\/holidayhire.com\/es\/wp-json\/wp\/v2\/product_tag?post=133"}],"curies":[{"name":"wp","href":"https:\/\/api.w.org\/{rel}","templated":true}]}}