{"id":15,"date":"2024-08-20T14:47:10","date_gmt":"2024-08-20T14:47:10","guid":{"rendered":"https:\/\/holidayhire.com\/finalizar-compra\/"},"modified":"2024-09-19T08:45:28","modified_gmt":"2024-09-19T08:45:28","slug":"finalizar-compra","status":"publish","type":"page","link":"https:\/\/holidayhire.com\/es\/finalizar-compra\/","title":{"rendered":"Finalizar compra"},"content":{"rendered":"\t\t<div data-elementor-type=\"wp-page\" data-elementor-id=\"15\" class=\"elementor elementor-15\" data-elementor-post-type=\"page\">\n\t\t\t\t<div class=\"elementor-element elementor-element-e874fe8 e-flex e-con-boxed e-con e-parent\" data-id=\"e874fe8\" data-element_type=\"container\" data-e-type=\"container\" data-settings=\"{&quot;background_background&quot;:&quot;classic&quot;}\">\n\t\t\t\t\t<div class=\"e-con-inner\">\n\t\t\t\t\t<\/div>\n\t\t\t\t<\/div>\n\t\t<div class=\"elementor-element elementor-element-1ef2636 e-flex e-con-boxed e-con e-parent\" data-id=\"1ef2636\" data-element_type=\"container\" data-e-type=\"container\">\n\t\t\t\t\t<div class=\"e-con-inner\">\n\t\t\t\t<div class=\"elementor-element elementor-element-bd250d7 elementor-widget elementor-widget-eael-woo-checkout\" data-id=\"bd250d7\" data-element_type=\"widget\" data-e-type=\"widget\" data-widget_type=\"eael-woo-checkout.default\">\n\t\t\t\t<div class=\"elementor-widget-container\">\n\t\t\t\t\t        <div data-checkout=\"{&quot;ea_woo_checkout_layout&quot;:&quot;default&quot;,&quot;ea_woo_checkout_table_header_text&quot;:&quot;yes&quot;,&quot;ea_woo_checkout_table_product_text&quot;:&quot;Producto&quot;,&quot;ea_woo_checkout_table_quantity_text&quot;:&quot;Cantidad&quot;,&quot;ea_woo_checkout_table_price_text&quot;:&quot;Precio&quot;,&quot;ea_woo_checkout_shop_link&quot;:&quot;yes&quot;,&quot;ea_woo_checkout_shop_link_text&quot;:&quot;Seguir comprando&quot;,&quot;ea_woo_checkout_table_subtotal_text&quot;:&quot;Subtotal&quot;,&quot;ea_woo_checkout_table_shipping_text&quot;:&quot;Env\\u00edo&quot;,&quot;ea_woo_checkout_table_total_text&quot;:&quot;Total&quot;,&quot;ea_woo_checkout_cart_update_enable&quot;:&quot;&quot;}\" class=\"ea-woo-checkout layout-default checkout-reorder-enabled\" data-checkout_ids=\"{&quot;billing&quot;:{&quot;billing_first_name&quot;:&quot;form-row-first&quot;,&quot;billing_last_name&quot;:&quot;form-row-last&quot;,&quot;billing_address_1&quot;:&quot;form-row-wide&quot;,&quot;billing_address_2&quot;:&quot;form-row-wide&quot;,&quot;billing_city&quot;:&quot;form-row-wide&quot;,&quot;billing_phone&quot;:&quot;form-row-wide&quot;,&quot;billing_email&quot;:&quot;form-row-wide&quot;},&quot;shipping&quot;:{&quot;shipping_first_name&quot;:&quot;form-row-first&quot;,&quot;shipping_last_name&quot;:&quot;form-row-last&quot;,&quot;shipping_company&quot;:&quot;form-row-wide&quot;,&quot;shipping_country&quot;:&quot;form-row-wide&quot;,&quot;shipping_address_1&quot;:&quot;form-row-wide&quot;,&quot;shipping_address_2&quot;:&quot;form-row-wide&quot;,&quot;shipping_city&quot;:&quot;form-row-wide&quot;,&quot;shipping_state&quot;:&quot;form-row-wide&quot;,&quot;shipping_postcode&quot;:&quot;form-row-wide&quot;}}\" data-button_texts=\"{&quot;place_order&quot;:&quot;Realizar pedido&quot;}\">\n            <div type=\"text\/template\" id=\"eael-wc-billing-reordered-fields\">\n                <div class=\"eael-woo-billing-fields\"><\/div>\n            <\/div>\n            <div type=\"text\/template\" id=\"eael-wc-shipping-reordered-fields\">\n                <div class=\"eael-woo-shipping-fields\"><\/div>\n            <\/div>\n            <div class=\"woocommerce\">\n                <style>\n                    .woocommerce .blockUI.blockOverlay:before {\n                        background-image: url('\/home\/u769078149\/domains\/holidayhire.com\/public_html\/wp-content\/plugins\/woocommerce\/assets\/images\/icons\/loader.svg') center center !important;\n                    }\n                <\/style>\n\t\t\t\t<div class=\"woocommerce-notices-wrapper\"><\/div>            <\/div>\n        <\/div>\n\t\t\t\t\t\t<\/div>\n\t\t\t\t<\/div>\n\t\t\t\t\t<\/div>\n\t\t\t\t<\/div>\n\t\t\t\t<\/div>\n\t\t","protected":false},"excerpt":{"rendered":"<p>Tu pedido Producto Cantidad Precio BARBACOA PORTATIL&nbsp; Fecha de la reserva: septiembre 26, 2024 Duraci\u00f3n: 1 semana 1 30,00&nbsp;&euro; Seguir comprando Subtotal 30,00&nbsp;&euro; Total 30,00&nbsp;&euro; Detalles de facturaci\u00f3n Nombre&nbsp;* Apellidos&nbsp;* Direcci\u00f3n de la calle&nbsp;* Apartamento, habitaci\u00f3n, escalera, etc.&nbsp;(opcional) Poblaci\u00f3n&nbsp;* Tel\u00e9fono&nbsp;* Direcci\u00f3n de correo electr\u00f3nico&nbsp;* Informaci\u00f3n adicional Notas del pedido&nbsp;(opcional) M\u00e9todos de pago Tarjeta de Cr\u00e9dito &#8230; <a title=\"Finalizar compra\" class=\"read-more\" href=\"https:\/\/holidayhire.com\/es\/finalizar-compra\/\" aria-label=\"Leer m\u00e1s sobre Finalizar compra\">Leer m\u00e1s<\/a><\/p>\n","protected":false},"author":1,"featured_media":0,"parent":0,"menu_order":0,"comment_status":"closed","ping_status":"closed","template":"","meta":{"footnotes":""},"class_list":["post-15","page","type-page","status-publish"],"yoast_head":"<!-- This site is optimized with the Yoast SEO plugin v27.4 - https:\/\/yoast.com\/product\/yoast-seo-wordpress\/ -->\n<title>Finalizar compra - Alquiler ortopedia Menorca<\/title>\n<meta name=\"robots\" content=\"index, follow, max-snippet:-1, max-image-preview:large, max-video-preview:-1\" \/>\n<link rel=\"canonical\" href=\"https:\/\/holidayhire.com\/es\/finalizar-compra\/\" \/>\n<meta property=\"og:locale\" content=\"es_ES\" \/>\n<meta property=\"og:type\" content=\"article\" \/>\n<meta property=\"og:title\" content=\"Finalizar compra - Alquiler ortopedia Menorca\" \/>\n<meta property=\"og:description\" content=\"Tu pedido Producto Cantidad Precio BARBACOA PORTATIL&nbsp; Fecha de la reserva: septiembre 26, 2024 Duraci\u00f3n: 1 semana 1 30,00&nbsp;&euro; Seguir comprando Subtotal 30,00&nbsp;&euro; Total 30,00&nbsp;&euro; Detalles de facturaci\u00f3n Nombre&nbsp;* Apellidos&nbsp;* Direcci\u00f3n de la calle&nbsp;* Apartamento, habitaci\u00f3n, escalera, etc.&nbsp;(opcional) Poblaci\u00f3n&nbsp;* Tel\u00e9fono&nbsp;* Direcci\u00f3n de correo electr\u00f3nico&nbsp;* Informaci\u00f3n adicional Notas del pedido&nbsp;(opcional) M\u00e9todos de pago Tarjeta de Cr\u00e9dito ... Leer m\u00e1s\" \/>\n<meta property=\"og:url\" content=\"https:\/\/holidayhire.com\/es\/finalizar-compra\/\" \/>\n<meta property=\"og:site_name\" content=\"Alquiler ortopedia Menorca\" \/>\n<meta property=\"article:modified_time\" content=\"2024-09-19T08:45:28+00:00\" \/>\n<meta property=\"og:image\" content=\"https:\/\/holidayhire.com\/wp-content\/uploads\/2024\/08\/barbacoa-portatil.jpg\" \/>\n<meta name=\"twitter:card\" content=\"summary_large_image\" \/>\n<meta name=\"twitter:label1\" content=\"Tiempo de lectura\" \/>\n\t<meta name=\"twitter:data1\" content=\"2 minutos\" \/>\n<script type=\"application\/ld+json\" class=\"yoast-schema-graph\">{\"@context\":\"https:\\\/\\\/schema.org\",\"@graph\":[{\"@type\":\"WebPage\",\"@id\":\"https:\\\/\\\/holidayhire.com\\\/es\\\/finalizar-compra\\\/\",\"url\":\"https:\\\/\\\/holidayhire.com\\\/es\\\/finalizar-compra\\\/\",\"name\":\"Finalizar compra - Alquiler ortopedia Menorca\",\"isPartOf\":{\"@id\":\"https:\\\/\\\/holidayhire.com\\\/es\\\/#website\"},\"primaryImageOfPage\":{\"@id\":\"https:\\\/\\\/holidayhire.com\\\/es\\\/finalizar-compra\\\/#primaryimage\"},\"image\":{\"@id\":\"https:\\\/\\\/holidayhire.com\\\/es\\\/finalizar-compra\\\/#primaryimage\"},\"thumbnailUrl\":\"https:\\\/\\\/holidayhire.com\\\/wp-content\\\/uploads\\\/2024\\\/08\\\/barbacoa-portatil.jpg\",\"datePublished\":\"2024-08-20T14:47:10+00:00\",\"dateModified\":\"2024-09-19T08:45:28+00:00\",\"breadcrumb\":{\"@id\":\"https:\\\/\\\/holidayhire.com\\\/es\\\/finalizar-compra\\\/#breadcrumb\"},\"inLanguage\":\"es\",\"potentialAction\":[{\"@type\":\"ReadAction\",\"target\":[\"https:\\\/\\\/holidayhire.com\\\/es\\\/finalizar-compra\\\/\"]}]},{\"@type\":\"ImageObject\",\"inLanguage\":\"es\",\"@id\":\"https:\\\/\\\/holidayhire.com\\\/es\\\/finalizar-compra\\\/#primaryimage\",\"url\":\"https:\\\/\\\/holidayhire.com\\\/wp-content\\\/uploads\\\/2024\\\/08\\\/barbacoa-portatil.jpg\",\"contentUrl\":\"https:\\\/\\\/holidayhire.com\\\/wp-content\\\/uploads\\\/2024\\\/08\\\/barbacoa-portatil.jpg\"},{\"@type\":\"BreadcrumbList\",\"@id\":\"https:\\\/\\\/holidayhire.com\\\/es\\\/finalizar-compra\\\/#breadcrumb\",\"itemListElement\":[{\"@type\":\"ListItem\",\"position\":1,\"name\":\"Home\",\"item\":\"https:\\\/\\\/holidayhire.com\\\/es\\\/\"},{\"@type\":\"ListItem\",\"position\":2,\"name\":\"Finalizar compra\"}]},{\"@type\":\"WebSite\",\"@id\":\"https:\\\/\\\/holidayhire.com\\\/es\\\/#website\",\"url\":\"https:\\\/\\\/holidayhire.com\\\/es\\\/\",\"name\":\"Alquiler ortopedia Menorca\",\"description\":\"\",\"publisher\":{\"@id\":\"https:\\\/\\\/holidayhire.com\\\/es\\\/#organization\"},\"potentialAction\":[{\"@type\":\"SearchAction\",\"target\":{\"@type\":\"EntryPoint\",\"urlTemplate\":\"https:\\\/\\\/holidayhire.com\\\/es\\\/?s={search_term_string}\"},\"query-input\":{\"@type\":\"PropertyValueSpecification\",\"valueRequired\":true,\"valueName\":\"search_term_string\"}}],\"inLanguage\":\"es\"},{\"@type\":\"Organization\",\"@id\":\"https:\\\/\\\/holidayhire.com\\\/es\\\/#organization\",\"name\":\"Alquiler ortopedia Menorca\",\"url\":\"https:\\\/\\\/holidayhire.com\\\/es\\\/\",\"logo\":{\"@type\":\"ImageObject\",\"inLanguage\":\"es\",\"@id\":\"https:\\\/\\\/holidayhire.com\\\/es\\\/#\\\/schema\\\/logo\\\/image\\\/\",\"url\":\"https:\\\/\\\/holidayhire.com\\\/wp-content\\\/uploads\\\/2024\\\/08\\\/holidayhire-logo.jpg\",\"contentUrl\":\"https:\\\/\\\/holidayhire.com\\\/wp-content\\\/uploads\\\/2024\\\/08\\\/holidayhire-logo.jpg\",\"width\":720,\"height\":190,\"caption\":\"Alquiler ortopedia Menorca\"},\"image\":{\"@id\":\"https:\\\/\\\/holidayhire.com\\\/es\\\/#\\\/schema\\\/logo\\\/image\\\/\"}}]}<\/script>\n<!-- \/ Yoast SEO plugin. -->","yoast_head_json":{"title":"Finalizar compra - Alquiler ortopedia Menorca","robots":{"index":"index","follow":"follow","max-snippet":"max-snippet:-1","max-image-preview":"max-image-preview:large","max-video-preview":"max-video-preview:-1"},"canonical":"https:\/\/holidayhire.com\/es\/finalizar-compra\/","og_locale":"es_ES","og_type":"article","og_title":"Finalizar compra - Alquiler ortopedia Menorca","og_description":"Tu pedido Producto Cantidad Precio BARBACOA PORTATIL&nbsp; Fecha de la reserva: septiembre 26, 2024 Duraci\u00f3n: 1 semana 1 30,00&nbsp;&euro; Seguir comprando Subtotal 30,00&nbsp;&euro; Total 30,00&nbsp;&euro; Detalles de facturaci\u00f3n Nombre&nbsp;* Apellidos&nbsp;* Direcci\u00f3n de la calle&nbsp;* Apartamento, habitaci\u00f3n, escalera, etc.&nbsp;(opcional) Poblaci\u00f3n&nbsp;* Tel\u00e9fono&nbsp;* Direcci\u00f3n de correo electr\u00f3nico&nbsp;* Informaci\u00f3n adicional Notas del pedido&nbsp;(opcional) M\u00e9todos de pago Tarjeta de Cr\u00e9dito ... Leer m\u00e1s","og_url":"https:\/\/holidayhire.com\/es\/finalizar-compra\/","og_site_name":"Alquiler ortopedia Menorca","article_modified_time":"2024-09-19T08:45:28+00:00","og_image":[{"url":"https:\/\/holidayhire.com\/wp-content\/uploads\/2024\/08\/barbacoa-portatil.jpg","type":"","width":"","height":""}],"twitter_card":"summary_large_image","twitter_misc":{"Tiempo de lectura":"2 minutos"},"schema":{"@context":"https:\/\/schema.org","@graph":[{"@type":"WebPage","@id":"https:\/\/holidayhire.com\/es\/finalizar-compra\/","url":"https:\/\/holidayhire.com\/es\/finalizar-compra\/","name":"Finalizar compra - Alquiler ortopedia Menorca","isPartOf":{"@id":"https:\/\/holidayhire.com\/es\/#website"},"primaryImageOfPage":{"@id":"https:\/\/holidayhire.com\/es\/finalizar-compra\/#primaryimage"},"image":{"@id":"https:\/\/holidayhire.com\/es\/finalizar-compra\/#primaryimage"},"thumbnailUrl":"https:\/\/holidayhire.com\/wp-content\/uploads\/2024\/08\/barbacoa-portatil.jpg","datePublished":"2024-08-20T14:47:10+00:00","dateModified":"2024-09-19T08:45:28+00:00","breadcrumb":{"@id":"https:\/\/holidayhire.com\/es\/finalizar-compra\/#breadcrumb"},"inLanguage":"es","potentialAction":[{"@type":"ReadAction","target":["https:\/\/holidayhire.com\/es\/finalizar-compra\/"]}]},{"@type":"ImageObject","inLanguage":"es","@id":"https:\/\/holidayhire.com\/es\/finalizar-compra\/#primaryimage","url":"https:\/\/holidayhire.com\/wp-content\/uploads\/2024\/08\/barbacoa-portatil.jpg","contentUrl":"https:\/\/holidayhire.com\/wp-content\/uploads\/2024\/08\/barbacoa-portatil.jpg"},{"@type":"BreadcrumbList","@id":"https:\/\/holidayhire.com\/es\/finalizar-compra\/#breadcrumb","itemListElement":[{"@type":"ListItem","position":1,"name":"Home","item":"https:\/\/holidayhire.com\/es\/"},{"@type":"ListItem","position":2,"name":"Finalizar compra"}]},{"@type":"WebSite","@id":"https:\/\/holidayhire.com\/es\/#website","url":"https:\/\/holidayhire.com\/es\/","name":"Alquiler ortopedia Menorca","description":"","publisher":{"@id":"https:\/\/holidayhire.com\/es\/#organization"},"potentialAction":[{"@type":"SearchAction","target":{"@type":"EntryPoint","urlTemplate":"https:\/\/holidayhire.com\/es\/?s={search_term_string}"},"query-input":{"@type":"PropertyValueSpecification","valueRequired":true,"valueName":"search_term_string"}}],"inLanguage":"es"},{"@type":"Organization","@id":"https:\/\/holidayhire.com\/es\/#organization","name":"Alquiler ortopedia Menorca","url":"https:\/\/holidayhire.com\/es\/","logo":{"@type":"ImageObject","inLanguage":"es","@id":"https:\/\/holidayhire.com\/es\/#\/schema\/logo\/image\/","url":"https:\/\/holidayhire.com\/wp-content\/uploads\/2024\/08\/holidayhire-logo.jpg","contentUrl":"https:\/\/holidayhire.com\/wp-content\/uploads\/2024\/08\/holidayhire-logo.jpg","width":720,"height":190,"caption":"Alquiler ortopedia Menorca"},"image":{"@id":"https:\/\/holidayhire.com\/es\/#\/schema\/logo\/image\/"}}]}},"_links":{"self":[{"href":"https:\/\/holidayhire.com\/es\/wp-json\/wp\/v2\/pages\/15","targetHints":{"allow":["GET"]}}],"collection":[{"href":"https:\/\/holidayhire.com\/es\/wp-json\/wp\/v2\/pages"}],"about":[{"href":"https:\/\/holidayhire.com\/es\/wp-json\/wp\/v2\/types\/page"}],"author":[{"embeddable":true,"href":"https:\/\/holidayhire.com\/es\/wp-json\/wp\/v2\/users\/1"}],"replies":[{"embeddable":true,"href":"https:\/\/holidayhire.com\/es\/wp-json\/wp\/v2\/comments?post=15"}],"version-history":[{"count":0,"href":"https:\/\/holidayhire.com\/es\/wp-json\/wp\/v2\/pages\/15\/revisions"}],"wp:attachment":[{"href":"https:\/\/holidayhire.com\/es\/wp-json\/wp\/v2\/media?parent=15"}],"curies":[{"name":"wp","href":"https:\/\/api.w.org\/{rel}","templated":true}]}}