{"id":14,"date":"2024-08-20T14:47:10","date_gmt":"2024-08-20T14:47:10","guid":{"rendered":"https:\/\/holidayhire.com\/carrito\/"},"modified":"2024-08-30T10:34:08","modified_gmt":"2024-08-30T10:34:08","slug":"carrito","status":"publish","type":"page","link":"https:\/\/holidayhire.com\/es\/carrito\/","title":{"rendered":"Carrito"},"content":{"rendered":"\t\t<div data-elementor-type=\"wp-page\" data-elementor-id=\"14\" class=\"elementor elementor-14\" data-elementor-post-type=\"page\">\n\t\t\t\t<div class=\"elementor-element elementor-element-c1d448e e-flex e-con-boxed e-con e-parent\" data-id=\"c1d448e\" data-element_type=\"container\" data-settings=\"{&quot;background_background&quot;:&quot;classic&quot;}\">\n\t\t\t\t\t<div class=\"e-con-inner\">\n\t\t\t\t\t<\/div>\n\t\t\t\t<\/div>\n\t\t<div class=\"elementor-element elementor-element-17a58dc e-flex e-con-boxed e-con e-parent\" data-id=\"17a58dc\" data-element_type=\"container\">\n\t\t\t\t\t<div class=\"e-con-inner\">\n\t\t<div class=\"elementor-element elementor-element-b0043b2 e-con-full e-flex e-con e-child\" data-id=\"b0043b2\" data-element_type=\"container\">\n\t\t\t\t<div class=\"elementor-element elementor-element-6e60a13 elementor-widget elementor-widget-eael-woo-cart\" data-id=\"6e60a13\" data-element_type=\"widget\" data-settings=\"{&quot;eael_woo_cart_components_continue_shopping_icon&quot;:{&quot;value&quot;:&quot;fas fa-chevron-left&quot;,&quot;library&quot;:&quot;fa-solid&quot;}}\" data-widget_type=\"eael-woo-cart.default\">\n\t\t\t\t<div class=\"elementor-widget-container\">\n\t\t\t\t\t\t\t\t\t<div class=\"eael-woo-cart-wrapper eael-woo-cart-empty eael-woo-default eael-auto-update33\">\n\t\t\t\t<div class=\"woocommerce-notices-wrapper\"><\/div><div class=\"wc-empty-cart-message\">\n\t<div class=\"cart-empty woocommerce-info\" role=\"status\">\n\t\tEn este momento tu carrito est\u00e1 vac\u00edo.\t<\/div>\n<\/div>\t<p class=\"return-to-shop\">\n\t\t<a class=\"button wc-backward\" href=\"https:\/\/holidayhire.com\/shop\/\">\n\t\t\tVolver a la tienda\t\t<\/a>\n\t<\/p>\n                <\/div>\n\t\t\t\t        <script>document.body.classList.add(\"eael-woo-cart\");<\/script>\n\t\t\t\t\t\t<\/div>\n\t\t\t\t<\/div>\n\t\t\t\t<\/div>\n\t\t\t\t\t<\/div>\n\t\t\t\t<\/div>\n\t\t\t\t<\/div>\n\t\t","protected":false},"excerpt":{"rendered":"<p>Producto Precio Cantidad Total INCORPORADOR DE ESPALDA Fecha de la reserva: agosto 31, 2024 Duraci\u00f3n: 1 semana 20,00&nbsp;&euro; 1 20,00&nbsp;&euro; COJIN VISCO Fecha de la reserva: agosto 31, 2024 Duraci\u00f3n: 1 semana 25,00&nbsp;&euro; 1 25,00&nbsp;&euro; HERVIDOR Fecha de la reserva: agosto 31, 2024 Duraci\u00f3n: 1 semana 15,00&nbsp;&euro; 1 15,00&nbsp;&euro; Seguir comprando Actualizar carrito Subtotal 60,00&nbsp;&euro; &#8230; <a title=\"Carrito\" class=\"read-more\" href=\"https:\/\/holidayhire.com\/es\/carrito\/\" aria-label=\"Leer m\u00e1s sobre Carrito\">Leer m\u00e1s<\/a><\/p>\n","protected":false},"author":1,"featured_media":0,"parent":0,"menu_order":0,"comment_status":"closed","ping_status":"closed","template":"","meta":{"footnotes":""},"class_list":["post-14","page","type-page","status-publish"],"yoast_head":"<!-- This site is optimized with the Yoast SEO plugin v25.9 - https:\/\/yoast.com\/wordpress\/plugins\/seo\/ -->\n<title>Carrito - Alquiler ortopedia Menorca<\/title>\n<meta name=\"robots\" content=\"index, follow, max-snippet:-1, max-image-preview:large, max-video-preview:-1\" \/>\n<link rel=\"canonical\" href=\"https:\/\/holidayhire.com\/es\/carrito\/\" \/>\n<meta property=\"og:locale\" content=\"es_ES\" \/>\n<meta property=\"og:type\" content=\"article\" \/>\n<meta property=\"og:title\" content=\"Carrito - Alquiler ortopedia Menorca\" \/>\n<meta property=\"og:description\" content=\"Producto Precio Cantidad Total INCORPORADOR DE ESPALDA Fecha de la reserva: agosto 31, 2024 Duraci\u00f3n: 1 semana 20,00&nbsp;&euro; 1 20,00&nbsp;&euro; COJIN VISCO Fecha de la reserva: agosto 31, 2024 Duraci\u00f3n: 1 semana 25,00&nbsp;&euro; 1 25,00&nbsp;&euro; HERVIDOR Fecha de la reserva: agosto 31, 2024 Duraci\u00f3n: 1 semana 15,00&nbsp;&euro; 1 15,00&nbsp;&euro; Seguir comprando Actualizar carrito Subtotal 60,00&nbsp;&euro; ... Leer m\u00e1s\" \/>\n<meta property=\"og:url\" content=\"https:\/\/holidayhire.com\/es\/carrito\/\" \/>\n<meta property=\"og:site_name\" content=\"Alquiler ortopedia Menorca\" \/>\n<meta property=\"article:modified_time\" content=\"2024-08-30T10:34:08+00:00\" \/>\n<meta property=\"og:image\" content=\"https:\/\/holidayhire.com\/wp-content\/uploads\/2024\/08\/entraining-back-300x300.jpg\" \/>\n<meta name=\"twitter:card\" content=\"summary_large_image\" \/>\n<meta name=\"twitter:label1\" content=\"Tiempo de lectura\" \/>\n\t<meta name=\"twitter:data1\" content=\"1 minuto\" \/>\n<script type=\"application\/ld+json\" class=\"yoast-schema-graph\">{\"@context\":\"https:\/\/schema.org\",\"@graph\":[{\"@type\":\"WebPage\",\"@id\":\"https:\/\/holidayhire.com\/es\/carrito\/\",\"url\":\"https:\/\/holidayhire.com\/es\/carrito\/\",\"name\":\"Carrito - Alquiler ortopedia Menorca\",\"isPartOf\":{\"@id\":\"https:\/\/holidayhire.com\/es\/#website\"},\"primaryImageOfPage\":{\"@id\":\"https:\/\/holidayhire.com\/es\/carrito\/#primaryimage\"},\"image\":{\"@id\":\"https:\/\/holidayhire.com\/es\/carrito\/#primaryimage\"},\"thumbnailUrl\":\"https:\/\/holidayhire.com\/wp-content\/uploads\/2024\/08\/entraining-back-300x300.jpg\",\"datePublished\":\"2024-08-20T14:47:10+00:00\",\"dateModified\":\"2024-08-30T10:34:08+00:00\",\"breadcrumb\":{\"@id\":\"https:\/\/holidayhire.com\/es\/carrito\/#breadcrumb\"},\"inLanguage\":\"es\",\"potentialAction\":[{\"@type\":\"ReadAction\",\"target\":[\"https:\/\/holidayhire.com\/es\/carrito\/\"]}]},{\"@type\":\"ImageObject\",\"inLanguage\":\"es\",\"@id\":\"https:\/\/holidayhire.com\/es\/carrito\/#primaryimage\",\"url\":\"https:\/\/holidayhire.com\/wp-content\/uploads\/2024\/08\/entraining-back-300x300.jpg\",\"contentUrl\":\"https:\/\/holidayhire.com\/wp-content\/uploads\/2024\/08\/entraining-back-300x300.jpg\"},{\"@type\":\"BreadcrumbList\",\"@id\":\"https:\/\/holidayhire.com\/es\/carrito\/#breadcrumb\",\"itemListElement\":[{\"@type\":\"ListItem\",\"position\":1,\"name\":\"Home\",\"item\":\"https:\/\/holidayhire.com\/es\/\"},{\"@type\":\"ListItem\",\"position\":2,\"name\":\"Carrito\"}]},{\"@type\":\"WebSite\",\"@id\":\"https:\/\/holidayhire.com\/es\/#website\",\"url\":\"https:\/\/holidayhire.com\/es\/\",\"name\":\"Alquiler ortopedia Menorca\",\"description\":\"\",\"publisher\":{\"@id\":\"https:\/\/holidayhire.com\/es\/#organization\"},\"potentialAction\":[{\"@type\":\"SearchAction\",\"target\":{\"@type\":\"EntryPoint\",\"urlTemplate\":\"https:\/\/holidayhire.com\/es\/?s={search_term_string}\"},\"query-input\":{\"@type\":\"PropertyValueSpecification\",\"valueRequired\":true,\"valueName\":\"search_term_string\"}}],\"inLanguage\":\"es\"},{\"@type\":\"Organization\",\"@id\":\"https:\/\/holidayhire.com\/es\/#organization\",\"name\":\"Alquiler ortopedia Menorca\",\"url\":\"https:\/\/holidayhire.com\/es\/\",\"logo\":{\"@type\":\"ImageObject\",\"inLanguage\":\"es\",\"@id\":\"https:\/\/holidayhire.com\/es\/#\/schema\/logo\/image\/\",\"url\":\"https:\/\/holidayhire.com\/wp-content\/uploads\/2024\/08\/holidayhire-logo.jpg\",\"contentUrl\":\"https:\/\/holidayhire.com\/wp-content\/uploads\/2024\/08\/holidayhire-logo.jpg\",\"width\":720,\"height\":190,\"caption\":\"Alquiler ortopedia Menorca\"},\"image\":{\"@id\":\"https:\/\/holidayhire.com\/es\/#\/schema\/logo\/image\/\"}}]}<\/script>\n<!-- \/ Yoast SEO plugin. -->","yoast_head_json":{"title":"Carrito - Alquiler ortopedia Menorca","robots":{"index":"index","follow":"follow","max-snippet":"max-snippet:-1","max-image-preview":"max-image-preview:large","max-video-preview":"max-video-preview:-1"},"canonical":"https:\/\/holidayhire.com\/es\/carrito\/","og_locale":"es_ES","og_type":"article","og_title":"Carrito - Alquiler ortopedia Menorca","og_description":"Producto Precio Cantidad Total INCORPORADOR DE ESPALDA Fecha de la reserva: agosto 31, 2024 Duraci\u00f3n: 1 semana 20,00&nbsp;&euro; 1 20,00&nbsp;&euro; COJIN VISCO Fecha de la reserva: agosto 31, 2024 Duraci\u00f3n: 1 semana 25,00&nbsp;&euro; 1 25,00&nbsp;&euro; HERVIDOR Fecha de la reserva: agosto 31, 2024 Duraci\u00f3n: 1 semana 15,00&nbsp;&euro; 1 15,00&nbsp;&euro; Seguir comprando Actualizar carrito Subtotal 60,00&nbsp;&euro; ... Leer m\u00e1s","og_url":"https:\/\/holidayhire.com\/es\/carrito\/","og_site_name":"Alquiler ortopedia Menorca","article_modified_time":"2024-08-30T10:34:08+00:00","og_image":[{"url":"https:\/\/holidayhire.com\/wp-content\/uploads\/2024\/08\/entraining-back-300x300.jpg","type":"","width":"","height":""}],"twitter_card":"summary_large_image","twitter_misc":{"Tiempo de lectura":"1 minuto"},"schema":{"@context":"https:\/\/schema.org","@graph":[{"@type":"WebPage","@id":"https:\/\/holidayhire.com\/es\/carrito\/","url":"https:\/\/holidayhire.com\/es\/carrito\/","name":"Carrito - Alquiler ortopedia Menorca","isPartOf":{"@id":"https:\/\/holidayhire.com\/es\/#website"},"primaryImageOfPage":{"@id":"https:\/\/holidayhire.com\/es\/carrito\/#primaryimage"},"image":{"@id":"https:\/\/holidayhire.com\/es\/carrito\/#primaryimage"},"thumbnailUrl":"https:\/\/holidayhire.com\/wp-content\/uploads\/2024\/08\/entraining-back-300x300.jpg","datePublished":"2024-08-20T14:47:10+00:00","dateModified":"2024-08-30T10:34:08+00:00","breadcrumb":{"@id":"https:\/\/holidayhire.com\/es\/carrito\/#breadcrumb"},"inLanguage":"es","potentialAction":[{"@type":"ReadAction","target":["https:\/\/holidayhire.com\/es\/carrito\/"]}]},{"@type":"ImageObject","inLanguage":"es","@id":"https:\/\/holidayhire.com\/es\/carrito\/#primaryimage","url":"https:\/\/holidayhire.com\/wp-content\/uploads\/2024\/08\/entraining-back-300x300.jpg","contentUrl":"https:\/\/holidayhire.com\/wp-content\/uploads\/2024\/08\/entraining-back-300x300.jpg"},{"@type":"BreadcrumbList","@id":"https:\/\/holidayhire.com\/es\/carrito\/#breadcrumb","itemListElement":[{"@type":"ListItem","position":1,"name":"Home","item":"https:\/\/holidayhire.com\/es\/"},{"@type":"ListItem","position":2,"name":"Carrito"}]},{"@type":"WebSite","@id":"https:\/\/holidayhire.com\/es\/#website","url":"https:\/\/holidayhire.com\/es\/","name":"Alquiler ortopedia Menorca","description":"","publisher":{"@id":"https:\/\/holidayhire.com\/es\/#organization"},"potentialAction":[{"@type":"SearchAction","target":{"@type":"EntryPoint","urlTemplate":"https:\/\/holidayhire.com\/es\/?s={search_term_string}"},"query-input":{"@type":"PropertyValueSpecification","valueRequired":true,"valueName":"search_term_string"}}],"inLanguage":"es"},{"@type":"Organization","@id":"https:\/\/holidayhire.com\/es\/#organization","name":"Alquiler ortopedia Menorca","url":"https:\/\/holidayhire.com\/es\/","logo":{"@type":"ImageObject","inLanguage":"es","@id":"https:\/\/holidayhire.com\/es\/#\/schema\/logo\/image\/","url":"https:\/\/holidayhire.com\/wp-content\/uploads\/2024\/08\/holidayhire-logo.jpg","contentUrl":"https:\/\/holidayhire.com\/wp-content\/uploads\/2024\/08\/holidayhire-logo.jpg","width":720,"height":190,"caption":"Alquiler ortopedia Menorca"},"image":{"@id":"https:\/\/holidayhire.com\/es\/#\/schema\/logo\/image\/"}}]}},"_links":{"self":[{"href":"https:\/\/holidayhire.com\/es\/wp-json\/wp\/v2\/pages\/14","targetHints":{"allow":["GET"]}}],"collection":[{"href":"https:\/\/holidayhire.com\/es\/wp-json\/wp\/v2\/pages"}],"about":[{"href":"https:\/\/holidayhire.com\/es\/wp-json\/wp\/v2\/types\/page"}],"author":[{"embeddable":true,"href":"https:\/\/holidayhire.com\/es\/wp-json\/wp\/v2\/users\/1"}],"replies":[{"embeddable":true,"href":"https:\/\/holidayhire.com\/es\/wp-json\/wp\/v2\/comments?post=14"}],"version-history":[{"count":0,"href":"https:\/\/holidayhire.com\/es\/wp-json\/wp\/v2\/pages\/14\/revisions"}],"wp:attachment":[{"href":"https:\/\/holidayhire.com\/es\/wp-json\/wp\/v2\/media?parent=14"}],"curies":[{"name":"wp","href":"https:\/\/api.w.org\/{rel}","templated":true}]}}